{"id":947,"date":"2023-06-30T10:55:04","date_gmt":"2023-06-30T08:55:04","guid":{"rendered":"https:\/\/vtbati.fr\/vtbati\/index.php\/produit\/vis-beton-ancrage-tete-fraisee-7-5mm\/"},"modified":"2023-06-30T10:55:04","modified_gmt":"2023-06-30T08:55:04","slug":"vis-beton-ancrage-tete-fraisee-7-5mm","status":"publish","type":"product","link":"http:\/\/s350233878.onlinehome.fr\/index.php\/produit\/vis-beton-ancrage-tete-fraisee-7-5mm\/","title":{"rendered":"VIS BETON ANCRAGE TETE FRAISEE 7.5MM"},"content":{"rendered":"<p>Les vis \u00e0 b\u00e9ton avec t\u00eate frais\u00e9e de 7,5 mm sont des fixations sp\u00e9cialement con\u00e7ues pour ancrer solidement des \u00e9l\u00e9ments dans le b\u00e9ton, offrant une fixation solide et durable.<\/p>\n","protected":false},"excerpt":{"rendered":"<p>Les vis \u00e0 b\u00e9ton avec t\u00eate frais\u00e9e de 7,5 mm sont des fixations sp\u00e9cialement con\u00e7ues pour ancrer solidement des \u00e9l\u00e9ments dans le b\u00e9ton, offrant une fixation solide et durable.<\/p>\n","protected":false},"featured_media":773,"template":"","meta":[],"product_cat":[160,16],"product_tag":[],"class_list":{"0":"post-947","1":"product","2":"type-product","3":"status-publish","4":"has-post-thumbnail","6":"product_cat-outils-electriques-portatifs","7":"product_cat-quincaillerie","9":"first","10":"instock","11":"taxable","12":"shipping-taxable","13":"purchasable","14":"product-type-simple"},"_links":{"self":[{"href":"http:\/\/s350233878.onlinehome.fr\/index.php\/wp-json\/wp\/v2\/product\/947","targetHints":{"allow":["GET"]}}],"collection":[{"href":"http:\/\/s350233878.onlinehome.fr\/index.php\/wp-json\/wp\/v2\/product"}],"about":[{"href":"http:\/\/s350233878.onlinehome.fr\/index.php\/wp-json\/wp\/v2\/types\/product"}],"wp:featuredmedia":[{"embeddable":true,"href":"http:\/\/s350233878.onlinehome.fr\/index.php\/wp-json\/wp\/v2\/media\/773"}],"wp:attachment":[{"href":"http:\/\/s350233878.onlinehome.fr\/index.php\/wp-json\/wp\/v2\/media?parent=947"}],"wp:term":[{"taxonomy":"product_cat","embeddable":true,"href":"http:\/\/s350233878.onlinehome.fr\/index.php\/wp-json\/wp\/v2\/product_cat?post=947"},{"taxonomy":"product_tag","embeddable":true,"href":"http:\/\/s350233878.onlinehome.fr\/index.php\/wp-json\/wp\/v2\/product_tag?post=947"}],"curies":[{"name":"wp","href":"https:\/\/api.w.org\/{rel}","templated":true}]}}