{"id":945,"date":"2023-06-30T10:55:03","date_gmt":"2023-06-30T08:55:03","guid":{"rendered":"https:\/\/vtbati.fr\/vtbati\/index.php\/produit\/boulons\/"},"modified":"2023-06-30T10:55:03","modified_gmt":"2023-06-30T08:55:03","slug":"boulons","status":"publish","type":"product","link":"http:\/\/s350233878.onlinehome.fr\/index.php\/produit\/boulons\/","title":{"rendered":"BOULONS"},"content":{"rendered":"<p>Les boulons sont des \u00e9l\u00e9ments de fixation compos\u00e9s d&rsquo;une tige filet\u00e9e et d&rsquo;une t\u00eate hexagonale.<\/p>\n","protected":false},"excerpt":{"rendered":"<p>Les boulons sont des \u00e9l\u00e9ments de fixation compos\u00e9s d&rsquo;une tige filet\u00e9e et d&rsquo;une t\u00eate hexagonale.<\/p>\n","protected":false},"featured_media":777,"template":"","meta":[],"product_cat":[160,16],"product_tag":[],"class_list":{"0":"post-945","1":"product","2":"type-product","3":"status-publish","4":"has-post-thumbnail","6":"product_cat-outils-electriques-portatifs","7":"product_cat-quincaillerie","9":"first","10":"instock","11":"taxable","12":"shipping-taxable","13":"purchasable","14":"product-type-simple"},"_links":{"self":[{"href":"http:\/\/s350233878.onlinehome.fr\/index.php\/wp-json\/wp\/v2\/product\/945","targetHints":{"allow":["GET"]}}],"collection":[{"href":"http:\/\/s350233878.onlinehome.fr\/index.php\/wp-json\/wp\/v2\/product"}],"about":[{"href":"http:\/\/s350233878.onlinehome.fr\/index.php\/wp-json\/wp\/v2\/types\/product"}],"wp:featuredmedia":[{"embeddable":true,"href":"http:\/\/s350233878.onlinehome.fr\/index.php\/wp-json\/wp\/v2\/media\/777"}],"wp:attachment":[{"href":"http:\/\/s350233878.onlinehome.fr\/index.php\/wp-json\/wp\/v2\/media?parent=945"}],"wp:term":[{"taxonomy":"product_cat","embeddable":true,"href":"http:\/\/s350233878.onlinehome.fr\/index.php\/wp-json\/wp\/v2\/product_cat?post=945"},{"taxonomy":"product_tag","embeddable":true,"href":"http:\/\/s350233878.onlinehome.fr\/index.php\/wp-json\/wp\/v2\/product_tag?post=945"}],"curies":[{"name":"wp","href":"https:\/\/api.w.org\/{rel}","templated":true}]}}