{"id":944,"date":"2023-06-30T10:55:02","date_gmt":"2023-06-30T08:55:02","guid":{"rendered":"https:\/\/vtbati.fr\/vtbati\/index.php\/produit\/clous\/"},"modified":"2023-06-30T10:55:02","modified_gmt":"2023-06-30T08:55:02","slug":"clous","status":"publish","type":"product","link":"http:\/\/s350233878.onlinehome.fr\/index.php\/produit\/clous\/","title":{"rendered":"Clous"},"content":{"rendered":"<p>Les clous sont des \u00e9l\u00e9ments de fixation en m\u00e9tal munis d&rsquo;une t\u00eate plate ou en forme de \u00ab\u00a0T\u00a0\u00bb \u00e0 une extr\u00e9mit\u00e9 et d&rsquo;une pointe \u00e0 l&rsquo;autre extr\u00e9mit\u00e9.<\/p>\n","protected":false},"excerpt":{"rendered":"<p>Les clous sont des \u00e9l\u00e9ments de fixation en m\u00e9tal munis d&rsquo;une t\u00eate plate ou en forme de \u00ab\u00a0T\u00a0\u00bb \u00e0 une extr\u00e9mit\u00e9 et d&rsquo;une pointe \u00e0 l&rsquo;autre extr\u00e9mit\u00e9.<\/p>\n","protected":false},"featured_media":779,"template":"","meta":[],"product_cat":[160,16],"product_tag":[],"class_list":{"0":"post-944","1":"product","2":"type-product","3":"status-publish","4":"has-post-thumbnail","6":"product_cat-outils-electriques-portatifs","7":"product_cat-quincaillerie","9":"first","10":"instock","11":"taxable","12":"shipping-taxable","13":"purchasable","14":"product-type-simple"},"_links":{"self":[{"href":"http:\/\/s350233878.onlinehome.fr\/index.php\/wp-json\/wp\/v2\/product\/944","targetHints":{"allow":["GET"]}}],"collection":[{"href":"http:\/\/s350233878.onlinehome.fr\/index.php\/wp-json\/wp\/v2\/product"}],"about":[{"href":"http:\/\/s350233878.onlinehome.fr\/index.php\/wp-json\/wp\/v2\/types\/product"}],"wp:featuredmedia":[{"embeddable":true,"href":"http:\/\/s350233878.onlinehome.fr\/index.php\/wp-json\/wp\/v2\/media\/779"}],"wp:attachment":[{"href":"http:\/\/s350233878.onlinehome.fr\/index.php\/wp-json\/wp\/v2\/media?parent=944"}],"wp:term":[{"taxonomy":"product_cat","embeddable":true,"href":"http:\/\/s350233878.onlinehome.fr\/index.php\/wp-json\/wp\/v2\/product_cat?post=944"},{"taxonomy":"product_tag","embeddable":true,"href":"http:\/\/s350233878.onlinehome.fr\/index.php\/wp-json\/wp\/v2\/product_tag?post=944"}],"curies":[{"name":"wp","href":"https:\/\/api.w.org\/{rel}","templated":true}]}}