{"id":940,"date":"2023-06-30T10:54:59","date_gmt":"2023-06-30T08:54:59","guid":{"rendered":"https:\/\/vtbati.fr\/vtbati\/index.php\/produit\/pare-tempetes\/"},"modified":"2023-06-30T10:54:59","modified_gmt":"2023-06-30T08:54:59","slug":"pare-tempetes","status":"publish","type":"product","link":"http:\/\/s350233878.onlinehome.fr\/index.php\/produit\/pare-tempetes\/","title":{"rendered":"PARE TEMPETES"},"content":{"rendered":"<p>Les pare-temp\u00eates sont des dispositifs install\u00e9s \u00e0 l&rsquo;ext\u00e9rieur des portes et des fen\u00eatres pour prot\u00e9ger contre les intemp\u00e9ries, tels que le vent, la pluie, la neige et les infiltrations d&rsquo;air.<\/p>\n","protected":false},"excerpt":{"rendered":"<p>Les pare-temp\u00eates sont des dispositifs install\u00e9s \u00e0 l&rsquo;ext\u00e9rieur des portes et des fen\u00eatres pour prot\u00e9ger contre les intemp\u00e9ries, tels que le vent, la pluie, la neige et les infiltrations d&rsquo;air.<\/p>\n","protected":false},"featured_media":787,"template":"","meta":[],"product_cat":[160,16],"product_tag":[],"class_list":{"0":"post-940","1":"product","2":"type-product","3":"status-publish","4":"has-post-thumbnail","6":"product_cat-outils-electriques-portatifs","7":"product_cat-quincaillerie","9":"first","10":"instock","11":"taxable","12":"shipping-taxable","13":"purchasable","14":"product-type-simple"},"_links":{"self":[{"href":"http:\/\/s350233878.onlinehome.fr\/index.php\/wp-json\/wp\/v2\/product\/940","targetHints":{"allow":["GET"]}}],"collection":[{"href":"http:\/\/s350233878.onlinehome.fr\/index.php\/wp-json\/wp\/v2\/product"}],"about":[{"href":"http:\/\/s350233878.onlinehome.fr\/index.php\/wp-json\/wp\/v2\/types\/product"}],"wp:featuredmedia":[{"embeddable":true,"href":"http:\/\/s350233878.onlinehome.fr\/index.php\/wp-json\/wp\/v2\/media\/787"}],"wp:attachment":[{"href":"http:\/\/s350233878.onlinehome.fr\/index.php\/wp-json\/wp\/v2\/media?parent=940"}],"wp:term":[{"taxonomy":"product_cat","embeddable":true,"href":"http:\/\/s350233878.onlinehome.fr\/index.php\/wp-json\/wp\/v2\/product_cat?post=940"},{"taxonomy":"product_tag","embeddable":true,"href":"http:\/\/s350233878.onlinehome.fr\/index.php\/wp-json\/wp\/v2\/product_tag?post=940"}],"curies":[{"name":"wp","href":"https:\/\/api.w.org\/{rel}","templated":true}]}}