{"id":939,"date":"2023-06-30T10:54:58","date_gmt":"2023-06-30T08:54:58","guid":{"rendered":"https:\/\/vtbati.fr\/vtbati\/index.php\/produit\/equerre-pour-doublage\/"},"modified":"2023-06-30T10:54:58","modified_gmt":"2023-06-30T08:54:58","slug":"equerre-pour-doublage","status":"publish","type":"product","link":"http:\/\/s350233878.onlinehome.fr\/index.php\/produit\/equerre-pour-doublage\/","title":{"rendered":"EQUERRE POUR DOUBLAGE"},"content":{"rendered":"<p>Une \u00e9querre pour doublage est un accessoire utilis\u00e9 lors de l&rsquo;installation de doublage int\u00e9rieur sur les murs.<\/p>\n","protected":false},"excerpt":{"rendered":"<p>Une \u00e9querre pour doublage est un accessoire utilis\u00e9 lors de l&rsquo;installation de doublage int\u00e9rieur sur les murs.<\/p>\n","protected":false},"featured_media":789,"template":"","meta":[],"product_cat":[160,16],"product_tag":[],"class_list":{"0":"post-939","1":"product","2":"type-product","3":"status-publish","4":"has-post-thumbnail","6":"product_cat-outils-electriques-portatifs","7":"product_cat-quincaillerie","9":"first","10":"instock","11":"taxable","12":"shipping-taxable","13":"purchasable","14":"product-type-simple"},"_links":{"self":[{"href":"http:\/\/s350233878.onlinehome.fr\/index.php\/wp-json\/wp\/v2\/product\/939","targetHints":{"allow":["GET"]}}],"collection":[{"href":"http:\/\/s350233878.onlinehome.fr\/index.php\/wp-json\/wp\/v2\/product"}],"about":[{"href":"http:\/\/s350233878.onlinehome.fr\/index.php\/wp-json\/wp\/v2\/types\/product"}],"wp:featuredmedia":[{"embeddable":true,"href":"http:\/\/s350233878.onlinehome.fr\/index.php\/wp-json\/wp\/v2\/media\/789"}],"wp:attachment":[{"href":"http:\/\/s350233878.onlinehome.fr\/index.php\/wp-json\/wp\/v2\/media?parent=939"}],"wp:term":[{"taxonomy":"product_cat","embeddable":true,"href":"http:\/\/s350233878.onlinehome.fr\/index.php\/wp-json\/wp\/v2\/product_cat?post=939"},{"taxonomy":"product_tag","embeddable":true,"href":"http:\/\/s350233878.onlinehome.fr\/index.php\/wp-json\/wp\/v2\/product_tag?post=939"}],"curies":[{"name":"wp","href":"https:\/\/api.w.org\/{rel}","templated":true}]}}