{"id":937,"date":"2023-06-30T10:54:57","date_gmt":"2023-06-30T08:54:57","guid":{"rendered":"https:\/\/vtbati.fr\/vtbati\/index.php\/produit\/poignee\/"},"modified":"2023-06-30T10:54:57","modified_gmt":"2023-06-30T08:54:57","slug":"poignee","status":"publish","type":"product","link":"http:\/\/s350233878.onlinehome.fr\/index.php\/produit\/poignee\/","title":{"rendered":"POIGNEE"},"content":{"rendered":"<p>Une poign\u00e9e est un dispositif de pr\u00e9hension utilis\u00e9 pour ouvrir, fermer ou manipuler diff\u00e9rents objets tels que les portes, les tiroirs, les armoires, les fen\u00eatres, les valises, les outils, etc.<\/p>\n","protected":false},"excerpt":{"rendered":"<p>Une poign\u00e9e est un dispositif de pr\u00e9hension utilis\u00e9 pour ouvrir, fermer ou manipuler diff\u00e9rents objets tels que les portes, les tiroirs, les armoires, les fen\u00eatres, les valises, les outils, etc.<\/p>\n","protected":false},"featured_media":793,"template":"","meta":[],"product_cat":[160,16],"product_tag":[],"class_list":{"0":"post-937","1":"product","2":"type-product","3":"status-publish","4":"has-post-thumbnail","6":"product_cat-outils-electriques-portatifs","7":"product_cat-quincaillerie","9":"first","10":"instock","11":"taxable","12":"shipping-taxable","13":"purchasable","14":"product-type-simple"},"_links":{"self":[{"href":"http:\/\/s350233878.onlinehome.fr\/index.php\/wp-json\/wp\/v2\/product\/937","targetHints":{"allow":["GET"]}}],"collection":[{"href":"http:\/\/s350233878.onlinehome.fr\/index.php\/wp-json\/wp\/v2\/product"}],"about":[{"href":"http:\/\/s350233878.onlinehome.fr\/index.php\/wp-json\/wp\/v2\/types\/product"}],"wp:featuredmedia":[{"embeddable":true,"href":"http:\/\/s350233878.onlinehome.fr\/index.php\/wp-json\/wp\/v2\/media\/793"}],"wp:attachment":[{"href":"http:\/\/s350233878.onlinehome.fr\/index.php\/wp-json\/wp\/v2\/media?parent=937"}],"wp:term":[{"taxonomy":"product_cat","embeddable":true,"href":"http:\/\/s350233878.onlinehome.fr\/index.php\/wp-json\/wp\/v2\/product_cat?post=937"},{"taxonomy":"product_tag","embeddable":true,"href":"http:\/\/s350233878.onlinehome.fr\/index.php\/wp-json\/wp\/v2\/product_tag?post=937"}],"curies":[{"name":"wp","href":"https:\/\/api.w.org\/{rel}","templated":true}]}}