{"id":933,"date":"2023-06-30T10:54:54","date_gmt":"2023-06-30T08:54:54","guid":{"rendered":"https:\/\/vtbati.fr\/vtbati\/index.php\/produit\/grilles-ventilation-2\/"},"modified":"2023-06-30T10:54:54","modified_gmt":"2023-06-30T08:54:54","slug":"grilles-ventilation-2","status":"publish","type":"product","link":"http:\/\/s350233878.onlinehome.fr\/index.php\/produit\/grilles-ventilation-2\/","title":{"rendered":"GRILLES VENTILATION"},"content":{"rendered":"<p>Les grilles de ventilation sont des dispositifs utilis\u00e9s pour permettre la circulation de l&rsquo;air tout en emp\u00eachant l&rsquo;entr\u00e9e d&rsquo;\u00e9l\u00e9ments ind\u00e9sirables tels que les insectes, la poussi\u00e8re ou les d\u00e9bris.<\/p>\n","protected":false},"excerpt":{"rendered":"<p>Les grilles de ventilation sont des dispositifs utilis\u00e9s pour permettre la circulation de l&rsquo;air tout en emp\u00eachant l&rsquo;entr\u00e9e d&rsquo;\u00e9l\u00e9ments ind\u00e9sirables tels que les insectes, la poussi\u00e8re ou les d\u00e9bris.<\/p>\n","protected":false},"featured_media":801,"template":"","meta":[],"product_cat":[160,16],"product_tag":[],"class_list":{"0":"post-933","1":"product","2":"type-product","3":"status-publish","4":"has-post-thumbnail","6":"product_cat-outils-electriques-portatifs","7":"product_cat-quincaillerie","9":"first","10":"instock","11":"taxable","12":"shipping-taxable","13":"purchasable","14":"product-type-simple"},"_links":{"self":[{"href":"http:\/\/s350233878.onlinehome.fr\/index.php\/wp-json\/wp\/v2\/product\/933","targetHints":{"allow":["GET"]}}],"collection":[{"href":"http:\/\/s350233878.onlinehome.fr\/index.php\/wp-json\/wp\/v2\/product"}],"about":[{"href":"http:\/\/s350233878.onlinehome.fr\/index.php\/wp-json\/wp\/v2\/types\/product"}],"wp:featuredmedia":[{"embeddable":true,"href":"http:\/\/s350233878.onlinehome.fr\/index.php\/wp-json\/wp\/v2\/media\/801"}],"wp:attachment":[{"href":"http:\/\/s350233878.onlinehome.fr\/index.php\/wp-json\/wp\/v2\/media?parent=933"}],"wp:term":[{"taxonomy":"product_cat","embeddable":true,"href":"http:\/\/s350233878.onlinehome.fr\/index.php\/wp-json\/wp\/v2\/product_cat?post=933"},{"taxonomy":"product_tag","embeddable":true,"href":"http:\/\/s350233878.onlinehome.fr\/index.php\/wp-json\/wp\/v2\/product_tag?post=933"}],"curies":[{"name":"wp","href":"https:\/\/api.w.org\/{rel}","templated":true}]}}