{"id":927,"date":"2023-06-30T10:54:50","date_gmt":"2023-06-30T08:54:50","guid":{"rendered":"https:\/\/vtbati.fr\/vtbati\/index.php\/produit\/portail\/"},"modified":"2023-06-30T10:54:50","modified_gmt":"2023-06-30T08:54:50","slug":"portail","status":"publish","type":"product","link":"http:\/\/s350233878.onlinehome.fr\/index.php\/produit\/portail\/","title":{"rendered":"PORTAIL"},"content":{"rendered":"<p>Un portail est une structure d&rsquo;entr\u00e9e g\u00e9n\u00e9ralement install\u00e9e \u00e0 l&rsquo;entr\u00e9e d&rsquo;une propri\u00e9t\u00e9, d&rsquo;un jardin ou d&rsquo;un espace cl\u00f4tur\u00e9.<\/p>\n","protected":false},"excerpt":{"rendered":"<p>Un portail est une structure d&rsquo;entr\u00e9e g\u00e9n\u00e9ralement install\u00e9e \u00e0 l&rsquo;entr\u00e9e d&rsquo;une propri\u00e9t\u00e9, d&rsquo;un jardin ou d&rsquo;un espace cl\u00f4tur\u00e9.<\/p>\n","protected":false},"featured_media":814,"template":"","meta":[],"product_cat":[160,16],"product_tag":[],"class_list":{"0":"post-927","1":"product","2":"type-product","3":"status-publish","4":"has-post-thumbnail","6":"product_cat-outils-electriques-portatifs","7":"product_cat-quincaillerie","9":"first","10":"instock","11":"taxable","12":"shipping-taxable","13":"purchasable","14":"product-type-simple"},"_links":{"self":[{"href":"http:\/\/s350233878.onlinehome.fr\/index.php\/wp-json\/wp\/v2\/product\/927","targetHints":{"allow":["GET"]}}],"collection":[{"href":"http:\/\/s350233878.onlinehome.fr\/index.php\/wp-json\/wp\/v2\/product"}],"about":[{"href":"http:\/\/s350233878.onlinehome.fr\/index.php\/wp-json\/wp\/v2\/types\/product"}],"wp:featuredmedia":[{"embeddable":true,"href":"http:\/\/s350233878.onlinehome.fr\/index.php\/wp-json\/wp\/v2\/media\/814"}],"wp:attachment":[{"href":"http:\/\/s350233878.onlinehome.fr\/index.php\/wp-json\/wp\/v2\/media?parent=927"}],"wp:term":[{"taxonomy":"product_cat","embeddable":true,"href":"http:\/\/s350233878.onlinehome.fr\/index.php\/wp-json\/wp\/v2\/product_cat?post=927"},{"taxonomy":"product_tag","embeddable":true,"href":"http:\/\/s350233878.onlinehome.fr\/index.php\/wp-json\/wp\/v2\/product_tag?post=927"}],"curies":[{"name":"wp","href":"https:\/\/api.w.org\/{rel}","templated":true}]}}