{"id":923,"date":"2023-06-30T10:54:47","date_gmt":"2023-06-30T08:54:47","guid":{"rendered":"https:\/\/vtbati.fr\/vtbati\/index.php\/produit\/telecommande-vr\/"},"modified":"2023-06-30T10:54:47","modified_gmt":"2023-06-30T08:54:47","slug":"telecommande-vr","status":"publish","type":"product","link":"http:\/\/s350233878.onlinehome.fr\/index.php\/produit\/telecommande-vr\/","title":{"rendered":"TELECOMMANDE VR"},"content":{"rendered":"<p>La t\u00e9l\u00e9commande VR fait r\u00e9f\u00e9rence \u00e0 une t\u00e9l\u00e9commande sp\u00e9cialement con\u00e7ue pour contr\u00f4ler les fonctions d&rsquo;un volet roulant (VR &#8211; volet roulant).<\/p>\n","protected":false},"excerpt":{"rendered":"<p>La t\u00e9l\u00e9commande VR fait r\u00e9f\u00e9rence \u00e0 une t\u00e9l\u00e9commande sp\u00e9cialement con\u00e7ue pour contr\u00f4ler les fonctions d&rsquo;un volet roulant (VR &#8211; volet roulant).<\/p>\n","protected":false},"featured_media":821,"template":"","meta":[],"product_cat":[239,160,16],"product_tag":[],"class_list":{"0":"post-923","1":"product","2":"type-product","3":"status-publish","4":"has-post-thumbnail","6":"product_cat-consommables","7":"product_cat-outils-electriques-portatifs","8":"product_cat-quincaillerie","10":"first","11":"instock","12":"taxable","13":"shipping-taxable","14":"purchasable","15":"product-type-simple"},"_links":{"self":[{"href":"http:\/\/s350233878.onlinehome.fr\/index.php\/wp-json\/wp\/v2\/product\/923","targetHints":{"allow":["GET"]}}],"collection":[{"href":"http:\/\/s350233878.onlinehome.fr\/index.php\/wp-json\/wp\/v2\/product"}],"about":[{"href":"http:\/\/s350233878.onlinehome.fr\/index.php\/wp-json\/wp\/v2\/types\/product"}],"wp:featuredmedia":[{"embeddable":true,"href":"http:\/\/s350233878.onlinehome.fr\/index.php\/wp-json\/wp\/v2\/media\/821"}],"wp:attachment":[{"href":"http:\/\/s350233878.onlinehome.fr\/index.php\/wp-json\/wp\/v2\/media?parent=923"}],"wp:term":[{"taxonomy":"product_cat","embeddable":true,"href":"http:\/\/s350233878.onlinehome.fr\/index.php\/wp-json\/wp\/v2\/product_cat?post=923"},{"taxonomy":"product_tag","embeddable":true,"href":"http:\/\/s350233878.onlinehome.fr\/index.php\/wp-json\/wp\/v2\/product_tag?post=923"}],"curies":[{"name":"wp","href":"https:\/\/api.w.org\/{rel}","templated":true}]}}