{"id":922,"date":"2023-06-30T10:54:47","date_gmt":"2023-06-30T08:54:47","guid":{"rendered":"https:\/\/vtbati.fr\/vtbati\/index.php\/produit\/telecommande-pg\/"},"modified":"2023-06-30T10:54:47","modified_gmt":"2023-06-30T08:54:47","slug":"telecommande-pg","status":"publish","type":"product","link":"http:\/\/s350233878.onlinehome.fr\/index.php\/produit\/telecommande-pg\/","title":{"rendered":"TELECOMMANDE PG"},"content":{"rendered":"<p>La t\u00e9l\u00e9commande PG fait r\u00e9f\u00e9rence \u00e0 une t\u00e9l\u00e9commande utilis\u00e9e pour contr\u00f4ler un syst\u00e8me d&rsquo;automatisation ou un dispositif fonctionnant avec la technologie de communication sans fil PG (Pulse Generator).<\/p>\n","protected":false},"excerpt":{"rendered":"<p>La t\u00e9l\u00e9commande PG fait r\u00e9f\u00e9rence \u00e0 une t\u00e9l\u00e9commande utilis\u00e9e pour contr\u00f4ler un syst\u00e8me d&rsquo;automatisation ou un dispositif fonctionnant avec la technologie de communication sans fil PG (Pulse Generator).<\/p>\n","protected":false},"featured_media":0,"template":"","meta":[],"product_cat":[239,160,16],"product_tag":[],"class_list":{"0":"post-922","1":"product","2":"type-product","3":"status-publish","5":"product_cat-consommables","6":"product_cat-outils-electriques-portatifs","7":"product_cat-quincaillerie","9":"first","10":"instock","11":"taxable","12":"shipping-taxable","13":"purchasable","14":"product-type-simple"},"_links":{"self":[{"href":"http:\/\/s350233878.onlinehome.fr\/index.php\/wp-json\/wp\/v2\/product\/922","targetHints":{"allow":["GET"]}}],"collection":[{"href":"http:\/\/s350233878.onlinehome.fr\/index.php\/wp-json\/wp\/v2\/product"}],"about":[{"href":"http:\/\/s350233878.onlinehome.fr\/index.php\/wp-json\/wp\/v2\/types\/product"}],"wp:attachment":[{"href":"http:\/\/s350233878.onlinehome.fr\/index.php\/wp-json\/wp\/v2\/media?parent=922"}],"wp:term":[{"taxonomy":"product_cat","embeddable":true,"href":"http:\/\/s350233878.onlinehome.fr\/index.php\/wp-json\/wp\/v2\/product_cat?post=922"},{"taxonomy":"product_tag","embeddable":true,"href":"http:\/\/s350233878.onlinehome.fr\/index.php\/wp-json\/wp\/v2\/product_tag?post=922"}],"curies":[{"name":"wp","href":"https:\/\/api.w.org\/{rel}","templated":true}]}}