{"id":921,"date":"2023-06-30T10:54:46","date_gmt":"2023-06-30T08:54:46","guid":{"rendered":"https:\/\/vtbati.fr\/vtbati\/index.php\/produit\/panneau-solaire-vr\/"},"modified":"2023-06-30T10:54:46","modified_gmt":"2023-06-30T08:54:46","slug":"panneau-solaire-vr","status":"publish","type":"product","link":"http:\/\/s350233878.onlinehome.fr\/index.php\/produit\/panneau-solaire-vr\/","title":{"rendered":"PANNEAU SOLAIRE VR"},"content":{"rendered":"<p>Un panneau solaire VR fait r\u00e9f\u00e9rence \u00e0 un panneau solaire con\u00e7u sp\u00e9cifiquement pour alimenter un syst\u00e8me de volet roulant (VR &#8211; volet roulant) \u00e0 l&rsquo;aide de l&rsquo;\u00e9nergie solaire.<\/p>\n","protected":false},"excerpt":{"rendered":"<p>Un panneau solaire VR fait r\u00e9f\u00e9rence \u00e0 un panneau solaire con\u00e7u sp\u00e9cifiquement pour alimenter un syst\u00e8me de volet roulant (VR &#8211; volet roulant) \u00e0 l&rsquo;aide de l&rsquo;\u00e9nergie solaire.<\/p>\n","protected":false},"featured_media":0,"template":"","meta":[],"product_cat":[160,16],"product_tag":[],"class_list":{"0":"post-921","1":"product","2":"type-product","3":"status-publish","5":"product_cat-outils-electriques-portatifs","6":"product_cat-quincaillerie","8":"first","9":"instock","10":"taxable","11":"shipping-taxable","12":"purchasable","13":"product-type-simple"},"_links":{"self":[{"href":"http:\/\/s350233878.onlinehome.fr\/index.php\/wp-json\/wp\/v2\/product\/921","targetHints":{"allow":["GET"]}}],"collection":[{"href":"http:\/\/s350233878.onlinehome.fr\/index.php\/wp-json\/wp\/v2\/product"}],"about":[{"href":"http:\/\/s350233878.onlinehome.fr\/index.php\/wp-json\/wp\/v2\/types\/product"}],"wp:attachment":[{"href":"http:\/\/s350233878.onlinehome.fr\/index.php\/wp-json\/wp\/v2\/media?parent=921"}],"wp:term":[{"taxonomy":"product_cat","embeddable":true,"href":"http:\/\/s350233878.onlinehome.fr\/index.php\/wp-json\/wp\/v2\/product_cat?post=921"},{"taxonomy":"product_tag","embeddable":true,"href":"http:\/\/s350233878.onlinehome.fr\/index.php\/wp-json\/wp\/v2\/product_tag?post=921"}],"curies":[{"name":"wp","href":"https:\/\/api.w.org\/{rel}","templated":true}]}}