{"id":919,"date":"2023-06-30T10:54:45","date_gmt":"2023-06-30T08:54:45","guid":{"rendered":"https:\/\/vtbati.fr\/vtbati\/index.php\/produit\/moteur-pg\/"},"modified":"2023-06-30T10:54:45","modified_gmt":"2023-06-30T08:54:45","slug":"moteur-pg","status":"publish","type":"product","link":"http:\/\/s350233878.onlinehome.fr\/index.php\/produit\/moteur-pg\/","title":{"rendered":"Moteur PG"},"content":{"rendered":"<p>Un moteur VR (volet roulant) est un moteur \u00e9lectrique sp\u00e9cialement con\u00e7u pour l&rsquo;automatisation des volets roulants.<\/p>\n","protected":false},"excerpt":{"rendered":"<p>Un moteur VR (volet roulant) est un moteur \u00e9lectrique sp\u00e9cialement con\u00e7u pour l&rsquo;automatisation des volets roulants.<\/p>\n","protected":false},"featured_media":828,"template":"","meta":[],"product_cat":[160,16],"product_tag":[],"class_list":{"0":"post-919","1":"product","2":"type-product","3":"status-publish","4":"has-post-thumbnail","6":"product_cat-outils-electriques-portatifs","7":"product_cat-quincaillerie","9":"first","10":"instock","11":"taxable","12":"shipping-taxable","13":"purchasable","14":"product-type-simple"},"_links":{"self":[{"href":"http:\/\/s350233878.onlinehome.fr\/index.php\/wp-json\/wp\/v2\/product\/919","targetHints":{"allow":["GET"]}}],"collection":[{"href":"http:\/\/s350233878.onlinehome.fr\/index.php\/wp-json\/wp\/v2\/product"}],"about":[{"href":"http:\/\/s350233878.onlinehome.fr\/index.php\/wp-json\/wp\/v2\/types\/product"}],"wp:featuredmedia":[{"embeddable":true,"href":"http:\/\/s350233878.onlinehome.fr\/index.php\/wp-json\/wp\/v2\/media\/828"}],"wp:attachment":[{"href":"http:\/\/s350233878.onlinehome.fr\/index.php\/wp-json\/wp\/v2\/media?parent=919"}],"wp:term":[{"taxonomy":"product_cat","embeddable":true,"href":"http:\/\/s350233878.onlinehome.fr\/index.php\/wp-json\/wp\/v2\/product_cat?post=919"},{"taxonomy":"product_tag","embeddable":true,"href":"http:\/\/s350233878.onlinehome.fr\/index.php\/wp-json\/wp\/v2\/product_tag?post=919"}],"curies":[{"name":"wp","href":"https:\/\/api.w.org\/{rel}","templated":true}]}}