{"id":917,"date":"2023-06-30T10:54:43","date_gmt":"2023-06-30T08:54:43","guid":{"rendered":"https:\/\/vtbati.fr\/vtbati\/index.php\/produit\/goulotte\/"},"modified":"2023-06-30T10:54:43","modified_gmt":"2023-06-30T08:54:43","slug":"goulotte","status":"publish","type":"product","link":"http:\/\/s350233878.onlinehome.fr\/index.php\/produit\/goulotte\/","title":{"rendered":"GOULOTTE"},"content":{"rendered":"<p>Une goulotte fait r\u00e9f\u00e9rence \u00e0 un conduit ou un canal utilis\u00e9 pour le passage et la gestion des c\u00e2bles, des fils \u00e9lectriques, des tuyaux ou d&rsquo;autres \u00e9l\u00e9ments similaires.<\/p>\n","protected":false},"excerpt":{"rendered":"<p>Une goulotte fait r\u00e9f\u00e9rence \u00e0 un conduit ou un canal utilis\u00e9 pour le passage et la gestion des c\u00e2bles, des fils \u00e9lectriques, des tuyaux ou d&rsquo;autres \u00e9l\u00e9ments similaires.<\/p>\n","protected":false},"featured_media":832,"template":"","meta":[],"product_cat":[240,160,16],"product_tag":[],"class_list":{"0":"post-917","1":"product","2":"type-product","3":"status-publish","4":"has-post-thumbnail","6":"product_cat-electricite-2","7":"product_cat-outils-electriques-portatifs","8":"product_cat-quincaillerie","10":"first","11":"instock","12":"taxable","13":"shipping-taxable","14":"purchasable","15":"product-type-simple"},"_links":{"self":[{"href":"http:\/\/s350233878.onlinehome.fr\/index.php\/wp-json\/wp\/v2\/product\/917","targetHints":{"allow":["GET"]}}],"collection":[{"href":"http:\/\/s350233878.onlinehome.fr\/index.php\/wp-json\/wp\/v2\/product"}],"about":[{"href":"http:\/\/s350233878.onlinehome.fr\/index.php\/wp-json\/wp\/v2\/types\/product"}],"wp:featuredmedia":[{"embeddable":true,"href":"http:\/\/s350233878.onlinehome.fr\/index.php\/wp-json\/wp\/v2\/media\/832"}],"wp:attachment":[{"href":"http:\/\/s350233878.onlinehome.fr\/index.php\/wp-json\/wp\/v2\/media?parent=917"}],"wp:term":[{"taxonomy":"product_cat","embeddable":true,"href":"http:\/\/s350233878.onlinehome.fr\/index.php\/wp-json\/wp\/v2\/product_cat?post=917"},{"taxonomy":"product_tag","embeddable":true,"href":"http:\/\/s350233878.onlinehome.fr\/index.php\/wp-json\/wp\/v2\/product_tag?post=917"}],"curies":[{"name":"wp","href":"https:\/\/api.w.org\/{rel}","templated":true}]}}