{"id":915,"date":"2023-06-30T10:54:42","date_gmt":"2023-06-30T08:54:42","guid":{"rendered":"https:\/\/vtbati.fr\/vtbati\/index.php\/produit\/spot-elctrique\/"},"modified":"2023-06-30T10:54:42","modified_gmt":"2023-06-30T08:54:42","slug":"spot-elctrique","status":"publish","type":"product","link":"http:\/\/s350233878.onlinehome.fr\/index.php\/produit\/spot-elctrique\/","title":{"rendered":"SPOT ELCTRIQUE"},"content":{"rendered":"<p>Un spot \u00e9lectrique est un type d&rsquo;\u00e9clairage utilis\u00e9 pour fournir un \u00e9clairage directionnel et concentr\u00e9 sur une zone sp\u00e9cifique.<\/p>\n","protected":false},"excerpt":{"rendered":"<p>Un spot \u00e9lectrique est un type d&rsquo;\u00e9clairage utilis\u00e9 pour fournir un \u00e9clairage directionnel et concentr\u00e9 sur une zone sp\u00e9cifique.<\/p>\n","protected":false},"featured_media":835,"template":"","meta":[],"product_cat":[240,160,16],"product_tag":[],"class_list":{"0":"post-915","1":"product","2":"type-product","3":"status-publish","4":"has-post-thumbnail","6":"product_cat-electricite-2","7":"product_cat-outils-electriques-portatifs","8":"product_cat-quincaillerie","10":"first","11":"instock","12":"taxable","13":"shipping-taxable","14":"purchasable","15":"product-type-simple"},"_links":{"self":[{"href":"http:\/\/s350233878.onlinehome.fr\/index.php\/wp-json\/wp\/v2\/product\/915","targetHints":{"allow":["GET"]}}],"collection":[{"href":"http:\/\/s350233878.onlinehome.fr\/index.php\/wp-json\/wp\/v2\/product"}],"about":[{"href":"http:\/\/s350233878.onlinehome.fr\/index.php\/wp-json\/wp\/v2\/types\/product"}],"wp:featuredmedia":[{"embeddable":true,"href":"http:\/\/s350233878.onlinehome.fr\/index.php\/wp-json\/wp\/v2\/media\/835"}],"wp:attachment":[{"href":"http:\/\/s350233878.onlinehome.fr\/index.php\/wp-json\/wp\/v2\/media?parent=915"}],"wp:term":[{"taxonomy":"product_cat","embeddable":true,"href":"http:\/\/s350233878.onlinehome.fr\/index.php\/wp-json\/wp\/v2\/product_cat?post=915"},{"taxonomy":"product_tag","embeddable":true,"href":"http:\/\/s350233878.onlinehome.fr\/index.php\/wp-json\/wp\/v2\/product_tag?post=915"}],"curies":[{"name":"wp","href":"https:\/\/api.w.org\/{rel}","templated":true}]}}