{"id":914,"date":"2023-06-30T10:54:41","date_gmt":"2023-06-30T08:54:41","guid":{"rendered":"https:\/\/vtbati.fr\/vtbati\/index.php\/produit\/casque-chantier\/"},"modified":"2023-06-30T10:54:41","modified_gmt":"2023-06-30T08:54:41","slug":"casque-chantier","status":"publish","type":"product","link":"http:\/\/s350233878.onlinehome.fr\/index.php\/produit\/casque-chantier\/","title":{"rendered":"CASQUE CHANTIER"},"content":{"rendered":"<p>Un casque de chantier est un \u00e9quipement de protection individuelle port\u00e9 sur la t\u00eate pour assurer la s\u00e9curit\u00e9 des travailleurs sur les chantiers de construction, les sites industriels et d&rsquo;autres environnements dangereux.<\/p>\n","protected":false},"excerpt":{"rendered":"<p>Un casque de chantier est un \u00e9quipement de protection individuelle port\u00e9 sur la t\u00eate pour assurer la s\u00e9curit\u00e9 des travailleurs sur les chantiers de construction, les sites industriels et d&rsquo;autres&hellip;<\/p>\n","protected":false},"featured_media":0,"template":"","meta":[],"product_cat":[241,160,16],"product_tag":[],"class_list":{"0":"post-914","1":"product","2":"type-product","3":"status-publish","5":"product_cat-equipement-chantier","6":"product_cat-outils-electriques-portatifs","7":"product_cat-quincaillerie","9":"first","10":"instock","11":"taxable","12":"shipping-taxable","13":"purchasable","14":"product-type-simple"},"_links":{"self":[{"href":"http:\/\/s350233878.onlinehome.fr\/index.php\/wp-json\/wp\/v2\/product\/914","targetHints":{"allow":["GET"]}}],"collection":[{"href":"http:\/\/s350233878.onlinehome.fr\/index.php\/wp-json\/wp\/v2\/product"}],"about":[{"href":"http:\/\/s350233878.onlinehome.fr\/index.php\/wp-json\/wp\/v2\/types\/product"}],"wp:attachment":[{"href":"http:\/\/s350233878.onlinehome.fr\/index.php\/wp-json\/wp\/v2\/media?parent=914"}],"wp:term":[{"taxonomy":"product_cat","embeddable":true,"href":"http:\/\/s350233878.onlinehome.fr\/index.php\/wp-json\/wp\/v2\/product_cat?post=914"},{"taxonomy":"product_tag","embeddable":true,"href":"http:\/\/s350233878.onlinehome.fr\/index.php\/wp-json\/wp\/v2\/product_tag?post=914"}],"curies":[{"name":"wp","href":"https:\/\/api.w.org\/{rel}","templated":true}]}}