{"id":913,"date":"2023-06-30T10:54:40","date_gmt":"2023-06-30T08:54:40","guid":{"rendered":"https:\/\/vtbati.fr\/vtbati\/index.php\/produit\/chaussures-securite\/"},"modified":"2023-06-30T10:54:40","modified_gmt":"2023-06-30T08:54:40","slug":"chaussures-securite","status":"publish","type":"product","link":"http:\/\/s350233878.onlinehome.fr\/index.php\/produit\/chaussures-securite\/","title":{"rendered":"CHAUSSURES SECURITE"},"content":{"rendered":"<p>Les chaussures de s\u00e9curit\u00e9, \u00e9galement connues sous le nom de chaussures de protection ou de chaussures de travail, sont des chaussures sp\u00e9cialement con\u00e7ues pour assurer la s\u00e9curit\u00e9 des travailleurs dans des environnements professionnels potentiellement dangereux.<\/p>\n","protected":false},"excerpt":{"rendered":"<p>Les chaussures de s\u00e9curit\u00e9, \u00e9galement connues sous le nom de chaussures de protection ou de chaussures de travail, sont des chaussures sp\u00e9cialement con\u00e7ues pour assurer la s\u00e9curit\u00e9 des travailleurs dans&hellip;<\/p>\n","protected":false},"featured_media":838,"template":"","meta":[],"product_cat":[241,160,16],"product_tag":[],"class_list":{"0":"post-913","1":"product","2":"type-product","3":"status-publish","4":"has-post-thumbnail","6":"product_cat-equipement-chantier","7":"product_cat-outils-electriques-portatifs","8":"product_cat-quincaillerie","10":"first","11":"instock","12":"taxable","13":"shipping-taxable","14":"purchasable","15":"product-type-simple"},"_links":{"self":[{"href":"http:\/\/s350233878.onlinehome.fr\/index.php\/wp-json\/wp\/v2\/product\/913","targetHints":{"allow":["GET"]}}],"collection":[{"href":"http:\/\/s350233878.onlinehome.fr\/index.php\/wp-json\/wp\/v2\/product"}],"about":[{"href":"http:\/\/s350233878.onlinehome.fr\/index.php\/wp-json\/wp\/v2\/types\/product"}],"wp:featuredmedia":[{"embeddable":true,"href":"http:\/\/s350233878.onlinehome.fr\/index.php\/wp-json\/wp\/v2\/media\/838"}],"wp:attachment":[{"href":"http:\/\/s350233878.onlinehome.fr\/index.php\/wp-json\/wp\/v2\/media?parent=913"}],"wp:term":[{"taxonomy":"product_cat","embeddable":true,"href":"http:\/\/s350233878.onlinehome.fr\/index.php\/wp-json\/wp\/v2\/product_cat?post=913"},{"taxonomy":"product_tag","embeddable":true,"href":"http:\/\/s350233878.onlinehome.fr\/index.php\/wp-json\/wp\/v2\/product_tag?post=913"}],"curies":[{"name":"wp","href":"https:\/\/api.w.org\/{rel}","templated":true}]}}