{"id":911,"date":"2023-06-30T10:54:39","date_gmt":"2023-06-30T08:54:39","guid":{"rendered":"https:\/\/vtbati.fr\/vtbati\/index.php\/produit\/pantalon-chantier\/"},"modified":"2023-06-30T10:54:39","modified_gmt":"2023-06-30T08:54:39","slug":"pantalon-chantier","status":"publish","type":"product","link":"http:\/\/s350233878.onlinehome.fr\/index.php\/produit\/pantalon-chantier\/","title":{"rendered":"PANTALON CHANTIER"},"content":{"rendered":"<p>Un pantalon de chantier est un v\u00eatement sp\u00e9cialement con\u00e7u pour offrir une protection et une durabilit\u00e9 accrues aux travailleurs sur les chantiers de construction et dans d&rsquo;autres environnements professionnels exigeants.<\/p>\n","protected":false},"excerpt":{"rendered":"<p>Un pantalon de chantier est un v\u00eatement sp\u00e9cialement con\u00e7u pour offrir une protection et une durabilit\u00e9 accrues aux travailleurs sur les chantiers de construction et dans d&rsquo;autres environnements professionnels exigeants.<\/p>\n","protected":false},"featured_media":842,"template":"","meta":[],"product_cat":[241,160,16],"product_tag":[],"class_list":{"0":"post-911","1":"product","2":"type-product","3":"status-publish","4":"has-post-thumbnail","6":"product_cat-equipement-chantier","7":"product_cat-outils-electriques-portatifs","8":"product_cat-quincaillerie","10":"first","11":"instock","12":"taxable","13":"shipping-taxable","14":"purchasable","15":"product-type-simple"},"_links":{"self":[{"href":"http:\/\/s350233878.onlinehome.fr\/index.php\/wp-json\/wp\/v2\/product\/911","targetHints":{"allow":["GET"]}}],"collection":[{"href":"http:\/\/s350233878.onlinehome.fr\/index.php\/wp-json\/wp\/v2\/product"}],"about":[{"href":"http:\/\/s350233878.onlinehome.fr\/index.php\/wp-json\/wp\/v2\/types\/product"}],"wp:featuredmedia":[{"embeddable":true,"href":"http:\/\/s350233878.onlinehome.fr\/index.php\/wp-json\/wp\/v2\/media\/842"}],"wp:attachment":[{"href":"http:\/\/s350233878.onlinehome.fr\/index.php\/wp-json\/wp\/v2\/media?parent=911"}],"wp:term":[{"taxonomy":"product_cat","embeddable":true,"href":"http:\/\/s350233878.onlinehome.fr\/index.php\/wp-json\/wp\/v2\/product_cat?post=911"},{"taxonomy":"product_tag","embeddable":true,"href":"http:\/\/s350233878.onlinehome.fr\/index.php\/wp-json\/wp\/v2\/product_tag?post=911"}],"curies":[{"name":"wp","href":"https:\/\/api.w.org\/{rel}","templated":true}]}}