{"id":909,"date":"2023-06-30T10:54:38","date_gmt":"2023-06-30T08:54:38","guid":{"rendered":"https:\/\/vtbati.fr\/vtbati\/index.php\/produit\/tournevis\/"},"modified":"2023-06-30T10:54:38","modified_gmt":"2023-06-30T08:54:38","slug":"tournevis","status":"publish","type":"product","link":"http:\/\/s350233878.onlinehome.fr\/index.php\/produit\/tournevis\/","title":{"rendered":"TOURNEVIS"},"content":{"rendered":"<p>Un tournevis est un outil manuel utilis\u00e9 pour serrer ou desserrer les vis. Il se compose d&rsquo;une tige m\u00e9tallique, souvent en acier, munie d&rsquo;une extr\u00e9mit\u00e9 plate ou cruciforme appel\u00e9e embout ou lame, qui s&rsquo;adapte \u00e0 la t\u00eate de la vis.<\/p>\n","protected":false},"excerpt":{"rendered":"<p>Un tournevis est un outil manuel utilis\u00e9 pour serrer ou desserrer les vis. Il se compose d&rsquo;une tige m\u00e9tallique, souvent en acier, munie d&rsquo;une extr\u00e9mit\u00e9 plate ou cruciforme appel\u00e9e embout&hellip;<\/p>\n","protected":false},"featured_media":846,"template":"","meta":[],"product_cat":[160,16],"product_tag":[],"class_list":{"0":"post-909","1":"product","2":"type-product","3":"status-publish","4":"has-post-thumbnail","6":"product_cat-outils-electriques-portatifs","7":"product_cat-quincaillerie","9":"first","10":"instock","11":"taxable","12":"shipping-taxable","13":"purchasable","14":"product-type-simple"},"_links":{"self":[{"href":"http:\/\/s350233878.onlinehome.fr\/index.php\/wp-json\/wp\/v2\/product\/909","targetHints":{"allow":["GET"]}}],"collection":[{"href":"http:\/\/s350233878.onlinehome.fr\/index.php\/wp-json\/wp\/v2\/product"}],"about":[{"href":"http:\/\/s350233878.onlinehome.fr\/index.php\/wp-json\/wp\/v2\/types\/product"}],"wp:featuredmedia":[{"embeddable":true,"href":"http:\/\/s350233878.onlinehome.fr\/index.php\/wp-json\/wp\/v2\/media\/846"}],"wp:attachment":[{"href":"http:\/\/s350233878.onlinehome.fr\/index.php\/wp-json\/wp\/v2\/media?parent=909"}],"wp:term":[{"taxonomy":"product_cat","embeddable":true,"href":"http:\/\/s350233878.onlinehome.fr\/index.php\/wp-json\/wp\/v2\/product_cat?post=909"},{"taxonomy":"product_tag","embeddable":true,"href":"http:\/\/s350233878.onlinehome.fr\/index.php\/wp-json\/wp\/v2\/product_tag?post=909"}],"curies":[{"name":"wp","href":"https:\/\/api.w.org\/{rel}","templated":true}]}}