{"id":908,"date":"2023-06-30T10:54:37","date_gmt":"2023-06-30T08:54:37","guid":{"rendered":"https:\/\/vtbati.fr\/vtbati\/index.php\/produit\/cle-makita\/"},"modified":"2023-06-30T10:54:37","modified_gmt":"2023-06-30T08:54:37","slug":"cle-makita","status":"publish","type":"product","link":"http:\/\/s350233878.onlinehome.fr\/index.php\/produit\/cle-makita\/","title":{"rendered":"CLE makita"},"content":{"rendered":"<p>Une cl\u00e9 Makita fait r\u00e9f\u00e9rence \u00e0 une cl\u00e9 \u00e0 cliquet fabriqu\u00e9e par la marque Makita, un fabricant bien connu d&rsquo;outils \u00e9lectriques et manuels.<\/p>\n","protected":false},"excerpt":{"rendered":"<p>Une cl\u00e9 Makita fait r\u00e9f\u00e9rence \u00e0 une cl\u00e9 \u00e0 cliquet fabriqu\u00e9e par la marque Makita, un fabricant bien connu d&rsquo;outils \u00e9lectriques et manuels.<\/p>\n","protected":false},"featured_media":848,"template":"","meta":[],"product_cat":[160,16],"product_tag":[],"class_list":{"0":"post-908","1":"product","2":"type-product","3":"status-publish","4":"has-post-thumbnail","6":"product_cat-outils-electriques-portatifs","7":"product_cat-quincaillerie","9":"first","10":"instock","11":"taxable","12":"shipping-taxable","13":"purchasable","14":"product-type-simple"},"_links":{"self":[{"href":"http:\/\/s350233878.onlinehome.fr\/index.php\/wp-json\/wp\/v2\/product\/908","targetHints":{"allow":["GET"]}}],"collection":[{"href":"http:\/\/s350233878.onlinehome.fr\/index.php\/wp-json\/wp\/v2\/product"}],"about":[{"href":"http:\/\/s350233878.onlinehome.fr\/index.php\/wp-json\/wp\/v2\/types\/product"}],"wp:featuredmedia":[{"embeddable":true,"href":"http:\/\/s350233878.onlinehome.fr\/index.php\/wp-json\/wp\/v2\/media\/848"}],"wp:attachment":[{"href":"http:\/\/s350233878.onlinehome.fr\/index.php\/wp-json\/wp\/v2\/media?parent=908"}],"wp:term":[{"taxonomy":"product_cat","embeddable":true,"href":"http:\/\/s350233878.onlinehome.fr\/index.php\/wp-json\/wp\/v2\/product_cat?post=908"},{"taxonomy":"product_tag","embeddable":true,"href":"http:\/\/s350233878.onlinehome.fr\/index.php\/wp-json\/wp\/v2\/product_tag?post=908"}],"curies":[{"name":"wp","href":"https:\/\/api.w.org\/{rel}","templated":true}]}}