{"id":906,"date":"2023-06-30T10:54:36","date_gmt":"2023-06-30T08:54:36","guid":{"rendered":"https:\/\/vtbati.fr\/vtbati\/index.php\/produit\/ceinture-outils\/"},"modified":"2023-06-30T10:54:36","modified_gmt":"2023-06-30T08:54:36","slug":"ceinture-outils","status":"publish","type":"product","link":"http:\/\/s350233878.onlinehome.fr\/index.php\/produit\/ceinture-outils\/","title":{"rendered":"CEINTURE OUTILS"},"content":{"rendered":"<p>Une ceinture d&rsquo;outils, \u00e9galement appel\u00e9e ceinture porte-outils ou ceinture de travail, est un accessoire utilis\u00e9 par les artisans, les ouvriers et les professionnels pour transporter et avoir facilement acc\u00e8s \u00e0 leurs outils pendant leur travail.<\/p>\n","protected":false},"excerpt":{"rendered":"<p>Une ceinture d&rsquo;outils, \u00e9galement appel\u00e9e ceinture porte-outils ou ceinture de travail, est un accessoire utilis\u00e9 par les artisans, les ouvriers et les professionnels pour transporter et avoir facilement acc\u00e8s \u00e0&hellip;<\/p>\n","protected":false},"featured_media":852,"template":"","meta":[],"product_cat":[160,16],"product_tag":[],"class_list":{"0":"post-906","1":"product","2":"type-product","3":"status-publish","4":"has-post-thumbnail","6":"product_cat-outils-electriques-portatifs","7":"product_cat-quincaillerie","9":"first","10":"instock","11":"taxable","12":"shipping-taxable","13":"purchasable","14":"product-type-simple"},"_links":{"self":[{"href":"http:\/\/s350233878.onlinehome.fr\/index.php\/wp-json\/wp\/v2\/product\/906","targetHints":{"allow":["GET"]}}],"collection":[{"href":"http:\/\/s350233878.onlinehome.fr\/index.php\/wp-json\/wp\/v2\/product"}],"about":[{"href":"http:\/\/s350233878.onlinehome.fr\/index.php\/wp-json\/wp\/v2\/types\/product"}],"wp:featuredmedia":[{"embeddable":true,"href":"http:\/\/s350233878.onlinehome.fr\/index.php\/wp-json\/wp\/v2\/media\/852"}],"wp:attachment":[{"href":"http:\/\/s350233878.onlinehome.fr\/index.php\/wp-json\/wp\/v2\/media?parent=906"}],"wp:term":[{"taxonomy":"product_cat","embeddable":true,"href":"http:\/\/s350233878.onlinehome.fr\/index.php\/wp-json\/wp\/v2\/product_cat?post=906"},{"taxonomy":"product_tag","embeddable":true,"href":"http:\/\/s350233878.onlinehome.fr\/index.php\/wp-json\/wp\/v2\/product_tag?post=906"}],"curies":[{"name":"wp","href":"https:\/\/api.w.org\/{rel}","templated":true}]}}