{"id":903,"date":"2023-06-30T10:54:33","date_gmt":"2023-06-30T08:54:33","guid":{"rendered":"https:\/\/vtbati.fr\/vtbati\/index.php\/produit\/peinture\/"},"modified":"2023-06-30T10:54:33","modified_gmt":"2023-06-30T08:54:33","slug":"peinture","status":"publish","type":"product","link":"http:\/\/s350233878.onlinehome.fr\/index.php\/produit\/peinture\/","title":{"rendered":"PEINTURE"},"content":{"rendered":"<p>La peinture est un produit utilis\u00e9 pour d\u00e9corer, prot\u00e9ger et donner une finition esth\u00e9tique \u00e0 diverses surfaces, telles que les murs, les plafonds, les meubles, les objets et m\u00eame les v\u00e9hicules.<\/p>\n","protected":false},"excerpt":{"rendered":"<p>La peinture est un produit utilis\u00e9 pour d\u00e9corer, prot\u00e9ger et donner une finition esth\u00e9tique \u00e0 diverses surfaces, telles que les murs, les plafonds, les meubles, les objets et m\u00eame les&hellip;<\/p>\n","protected":false},"featured_media":858,"template":"","meta":[],"product_cat":[242,160,16],"product_tag":[],"class_list":{"0":"post-903","1":"product","2":"type-product","3":"status-publish","4":"has-post-thumbnail","6":"product_cat-exterieur-2","7":"product_cat-outils-electriques-portatifs","8":"product_cat-quincaillerie","10":"first","11":"instock","12":"taxable","13":"shipping-taxable","14":"purchasable","15":"product-type-simple"},"_links":{"self":[{"href":"http:\/\/s350233878.onlinehome.fr\/index.php\/wp-json\/wp\/v2\/product\/903","targetHints":{"allow":["GET"]}}],"collection":[{"href":"http:\/\/s350233878.onlinehome.fr\/index.php\/wp-json\/wp\/v2\/product"}],"about":[{"href":"http:\/\/s350233878.onlinehome.fr\/index.php\/wp-json\/wp\/v2\/types\/product"}],"wp:featuredmedia":[{"embeddable":true,"href":"http:\/\/s350233878.onlinehome.fr\/index.php\/wp-json\/wp\/v2\/media\/858"}],"wp:attachment":[{"href":"http:\/\/s350233878.onlinehome.fr\/index.php\/wp-json\/wp\/v2\/media?parent=903"}],"wp:term":[{"taxonomy":"product_cat","embeddable":true,"href":"http:\/\/s350233878.onlinehome.fr\/index.php\/wp-json\/wp\/v2\/product_cat?post=903"},{"taxonomy":"product_tag","embeddable":true,"href":"http:\/\/s350233878.onlinehome.fr\/index.php\/wp-json\/wp\/v2\/product_tag?post=903"}],"curies":[{"name":"wp","href":"https:\/\/api.w.org\/{rel}","templated":true}]}}