{"id":556,"date":"2023-06-30T10:54:30","date_gmt":"2023-06-30T08:54:30","guid":{"rendered":"https:\/\/vtbati.fr\/vtbati\/?post_type=product&#038;p=556"},"modified":"2023-06-30T10:54:30","modified_gmt":"2023-06-30T08:54:30","slug":"vis-bois-terrasse-inox-a2","status":"publish","type":"product","link":"http:\/\/s350233878.onlinehome.fr\/index.php\/produit\/vis-bois-terrasse-inox-a2\/","title":{"rendered":"Vis bois terrasse inox A2"},"content":{"rendered":"<p>Vis bois terrasse Inox A2 &#8211; Famille 0819<\/p>\n<h2 class=\"dc__title-section\">Caract\u00e9ristiques techniques<\/h2>\n<form>\n<ul class=\"attributes data \">\n<li style=\"list-style-type: none;\">\n<ul class=\"attributes data \">\n<li>\n<dl class=\"attribute\">\n<dt class=\"name\">Forme de la t\u00eate<\/dt>\n<dd class=\"value\">frais\u00e9 r\u00e9duite<\/dd>\n<\/dl>\n<\/li>\n<li>\n<dl class=\"attribute\">\n<dt class=\"name\">Forme de l&#8217;empreinte<\/dt>\n<dd class=\"value\">Torx\u00ae<\/dd>\n<\/dl>\n<\/li>\n<li>\n<dl class=\"attribute\">\n<dt class=\"name\">Mati\u00e8re<\/dt>\n<dd class=\"value\">inox<\/dd>\n<\/dl>\n<\/li>\n<li>\n<dl class=\"attribute\">\n<dt class=\"name\">Usage<\/dt>\n<dd class=\"value\">pose lame de terrasse<\/dd>\n<\/dl>\n<\/li>\n<\/ul>\n<\/li>\n<\/ul>\n<p><span class=\"dc__discriminant__info_text--highlight\">INFOS PRODUIT :\u00a0<\/span><span class=\"dc__discriminant__info_text--key\">Forme de la t\u00eate<\/span>\u00a0: frais\u00e9 r\u00e9duite\u00a0<span class=\"dc__discriminant__info_text--separator\">I\u00a0<\/span><span class=\"dc__discriminant__info_text--key\">Forme de l&#8217;empreinte<\/span>\u00a0: Torx\u00ae\u00a0<span class=\"dc__discriminant__info_text--separator\">I\u00a0<\/span><span class=\"dc__discriminant__info_text--key\">Mati\u00e8re<\/span>\u00a0: inox\u00a0<span class=\"dc__discriminant__info_text--separator\">I\u00a0<\/span><span class=\"dc__discriminant__info_text--key\">Usage<\/span>\u00a0: pose lame de terrasse<\/p>\n<div class=\"attribute product code-p\"><span class=\"type\">Code P :<\/span>\u00a0<span class=\"value\">P43QOVV<\/span><\/div>\n<div class=\"attribute product sku\"><span class=\"type\">R\u00e9f. P :<\/span>\u00a0<span class=\"value\" data-bind=\"text: selectedArticleSku\">28615213<\/span><\/div>\n<div class=\"attribute product ref\"><span class=\"type\">R\u00e9f. fabricant :<\/span>\u00a0<span class=\"value\" data-bind=\"text: getReferenceCode()\">0819-5-40<\/span><\/div>\n<\/form>\n","protected":false},"excerpt":{"rendered":"<p>Vis bois terrasse Inox A2 &#8211; Famille 0819 Caract\u00e9ristiques techniques Forme de la t\u00eate frais\u00e9 r\u00e9duite Forme de l&#8217;empreinte Torx\u00ae Mati\u00e8re inox Usage pose lame de terrasse INFOS PRODUIT :\u00a0Forme&hellip;<\/p>\n","protected":false},"featured_media":557,"template":"","meta":[],"product_cat":[240,160,179,109,16],"product_tag":[],"class_list":{"0":"post-556","1":"product","2":"type-product","3":"status-publish","4":"has-post-thumbnail","6":"product_cat-electricite-2","7":"product_cat-outils-electriques-portatifs","8":"product_cat-vis","9":"product_cat-vis-et-boulons","10":"product_cat-quincaillerie","12":"first","13":"instock","14":"taxable","15":"shipping-taxable","16":"purchasable","17":"product-type-simple"},"_links":{"self":[{"href":"http:\/\/s350233878.onlinehome.fr\/index.php\/wp-json\/wp\/v2\/product\/556","targetHints":{"allow":["GET"]}}],"collection":[{"href":"http:\/\/s350233878.onlinehome.fr\/index.php\/wp-json\/wp\/v2\/product"}],"about":[{"href":"http:\/\/s350233878.onlinehome.fr\/index.php\/wp-json\/wp\/v2\/types\/product"}],"wp:featuredmedia":[{"embeddable":true,"href":"http:\/\/s350233878.onlinehome.fr\/index.php\/wp-json\/wp\/v2\/media\/557"}],"wp:attachment":[{"href":"http:\/\/s350233878.onlinehome.fr\/index.php\/wp-json\/wp\/v2\/media?parent=556"}],"wp:term":[{"taxonomy":"product_cat","embeddable":true,"href":"http:\/\/s350233878.onlinehome.fr\/index.php\/wp-json\/wp\/v2\/product_cat?post=556"},{"taxonomy":"product_tag","embeddable":true,"href":"http:\/\/s350233878.onlinehome.fr\/index.php\/wp-json\/wp\/v2\/product_tag?post=556"}],"curies":[{"name":"wp","href":"https:\/\/api.w.org\/{rel}","templated":true}]}}