{"id":553,"date":"2023-06-30T10:54:29","date_gmt":"2023-06-30T08:54:29","guid":{"rendered":"https:\/\/vtbati.fr\/vtbati\/?post_type=product&#038;p=553"},"modified":"2023-06-30T10:54:29","modified_gmt":"2023-06-30T08:54:29","slug":"vis-plaque-de-platre-tete-trompette-empreinte-phillips","status":"publish","type":"product","link":"http:\/\/s350233878.onlinehome.fr\/index.php\/produit\/vis-plaque-de-platre-tete-trompette-empreinte-phillips\/","title":{"rendered":"Vis plaque de pl\u00e2tre t\u00eate trompette empreinte Phillips"},"content":{"rendered":"<p>Vis plaque de pl\u00e2tre t\u00eate trompette empreinte Phillips\u00ae &#8211; Famille 0539<\/p>\n<h2 class=\"dc__title-section\">Caract\u00e9ristiques techniques<\/h2>\n<form><input id=\"limit\" class=\"dc__limit_checkbox\" type=\"checkbox\" \/><\/p>\n<ul class=\"attributes data attributes--overflow\">\n<li style=\"list-style-type: none;\">\n<ul class=\"attributes data attributes--overflow\">\n<li>\n<dl class=\"attribute\">\n<dt class=\"name\">Forme de la t\u00eate<\/dt>\n<dd class=\"value\">trompette<\/dd>\n<\/dl>\n<\/li>\n<li>\n<dl class=\"attribute\">\n<dt class=\"name\">Forme de l&#8217;empreinte<\/dt>\n<dd class=\"value\">Phillips\u00ae<\/dd>\n<\/dl>\n<\/li>\n<li>\n<dl class=\"attribute\">\n<dt class=\"name\">Finition<\/dt>\n<dd class=\"value\">phosphat\u00e9<\/dd>\n<\/dl>\n<\/li>\n<li>\n<dl class=\"attribute\">\n<dt class=\"name\">Mati\u00e8re<\/dt>\n<dd class=\"value\">acier<\/dd>\n<\/dl>\n<\/li>\n<li>\n<dl class=\"attribute\">\n<dt class=\"name\">Type de conditionnement<\/dt>\n<dd class=\"value\">bo\u00eete<\/dd>\n<\/dl>\n<\/li>\n<li>\n<dl class=\"attribute\">\n<dt class=\"name\">Usage<\/dt>\n<dd class=\"value\">fixation plaque de pl\u00e2tre<\/dd>\n<\/dl>\n<\/li>\n<\/ul>\n<\/li>\n<\/ul>\n<p><span class=\"dc__discriminant__info_text--highlight\">INFOS PRODUIT :\u00a0<\/span><span class=\"dc__discriminant__info_text--key\">Forme de la t\u00eate<\/span>\u00a0: trompette\u00a0<span class=\"dc__discriminant__info_text--separator\">I\u00a0<\/span><span class=\"dc__discriminant__info_text--key\">Forme de l&#8217;empreinte<\/span>\u00a0: Phillips\u00ae\u00a0<span class=\"dc__discriminant__info_text--separator\">I\u00a0<\/span><span class=\"dc__discriminant__info_text--key\">Finition<\/span>\u00a0: phosphat\u00e9\u00a0<span class=\"dc__discriminant__info_text--separator\">I\u00a0<\/span><span class=\"dc__discriminant__info_text--key\">Mati\u00e8re<\/span>\u00a0: acier\u00a0<span class=\"dc__discriminant__info_text--separator\">I\u00a0<\/span><span class=\"dc__discriminant__info_text--key\">Type de conditionnement<\/span>\u00a0: bo\u00eete\u00a0<span class=\"dc__discriminant__info_text--separator\">I\u00a0<\/span><span class=\"dc__discriminant__info_text--key\">Usage<\/span>\u00a0: fixation plaque de pl\u00e2tre<\/p>\n<div class=\"attribute product code-p\"><span class=\"type\">Code P :<\/span>\u00a0<span class=\"value\">P4300ZD<\/span><\/div>\n<div class=\"attribute product sku\"><span class=\"type\">R\u00e9f. P :<\/span>\u00a0<span class=\"value\" data-bind=\"text: selectedArticleSku\">21294284<\/span><\/div>\n<div class=\"attribute product ref\"><span class=\"type\">R\u00e9f. fabricant :<\/span>\u00a0<span class=\"value\" data-bind=\"text: getReferenceCode()\">0539-3.5-25<\/span><\/div>\n<\/form>\n","protected":false},"excerpt":{"rendered":"<p>Vis plaque de pl\u00e2tre t\u00eate trompette empreinte Phillips\u00ae &#8211; Famille 0539 Caract\u00e9ristiques techniques Forme de la t\u00eate trompette Forme de l&#8217;empreinte Phillips\u00ae Finition phosphat\u00e9 Mati\u00e8re acier Type de conditionnement bo\u00eete&hellip;<\/p>\n","protected":false},"featured_media":554,"template":"","meta":[],"product_cat":[240,160,179,109,16],"product_tag":[],"class_list":{"0":"post-553","1":"product","2":"type-product","3":"status-publish","4":"has-post-thumbnail","6":"product_cat-electricite-2","7":"product_cat-outils-electriques-portatifs","8":"product_cat-vis","9":"product_cat-vis-et-boulons","10":"product_cat-quincaillerie","12":"first","13":"instock","14":"taxable","15":"shipping-taxable","16":"purchasable","17":"product-type-simple"},"_links":{"self":[{"href":"http:\/\/s350233878.onlinehome.fr\/index.php\/wp-json\/wp\/v2\/product\/553","targetHints":{"allow":["GET"]}}],"collection":[{"href":"http:\/\/s350233878.onlinehome.fr\/index.php\/wp-json\/wp\/v2\/product"}],"about":[{"href":"http:\/\/s350233878.onlinehome.fr\/index.php\/wp-json\/wp\/v2\/types\/product"}],"wp:featuredmedia":[{"embeddable":true,"href":"http:\/\/s350233878.onlinehome.fr\/index.php\/wp-json\/wp\/v2\/media\/554"}],"wp:attachment":[{"href":"http:\/\/s350233878.onlinehome.fr\/index.php\/wp-json\/wp\/v2\/media?parent=553"}],"wp:term":[{"taxonomy":"product_cat","embeddable":true,"href":"http:\/\/s350233878.onlinehome.fr\/index.php\/wp-json\/wp\/v2\/product_cat?post=553"},{"taxonomy":"product_tag","embeddable":true,"href":"http:\/\/s350233878.onlinehome.fr\/index.php\/wp-json\/wp\/v2\/product_tag?post=553"}],"curies":[{"name":"wp","href":"https:\/\/api.w.org\/{rel}","templated":true}]}}