{"id":552,"date":"2023-06-30T10:54:28","date_gmt":"2023-06-30T08:54:28","guid":{"rendered":"https:\/\/vtbati.fr\/vtbati\/?post_type=product&#038;p=552"},"modified":"2023-06-30T10:54:28","modified_gmt":"2023-06-30T08:54:28","slug":"vis-autoperceuse-tete-hexagonale-a-embase-zingue-2","status":"publish","type":"product","link":"http:\/\/s350233878.onlinehome.fr\/index.php\/produit\/vis-autoperceuse-tete-hexagonale-a-embase-zingue-2\/","title":{"rendered":"Vis autoperceuse t\u00eate hexagonale \u00e0 embase zingu\u00e9"},"content":{"rendered":"<div>Vis autoperceuse t\u00eate hexagonale \u00e0 embase Zingu\u00e9 &#8211; Famille 3371<\/div>\n<div>\n<h2 class=\"dc__title-section\">Caract\u00e9ristiques techniques<\/h2>\n<form><input id=\"limit\" class=\"dc__limit_checkbox\" type=\"checkbox\" \/><\/p>\n<ul class=\"attributes data attributes--overflow\">\n<li style=\"list-style-type: none;\">\n<ul class=\"attributes data attributes--overflow\">\n<li>\n<dl class=\"attribute\">\n<dt class=\"name\">Forme de la t\u00eate<\/dt>\n<dd class=\"value\">hexagonale (TH)<\/dd>\n<\/dl>\n<\/li>\n<li>\n<dl class=\"attribute\">\n<dt class=\"name\">Forme de l&#8217;empreinte<\/dt>\n<dd class=\"value\">sans<\/dd>\n<\/dl>\n<\/li>\n<li>\n<dl class=\"attribute\">\n<dt class=\"name\">Ailettes<\/dt>\n<dd class=\"value\"><span style=\"vertical-align: inherit;\"><span style=\"vertical-align: inherit;\">sans<\/span><\/span><\/dd>\n<\/dl>\n<\/li>\n<li>\n<dl class=\"attribute\">\n<dt class=\"name\">Finition<\/dt>\n<dd class=\"value\">zingu\u00e9<\/dd>\n<\/dl>\n<\/li>\n<li>\n<dl class=\"attribute\">\n<dt class=\"name\">Mati\u00e8re<\/dt>\n<dd class=\"value\">acier<\/dd>\n<\/dl>\n<\/li>\n<li>\n<dl class=\"attribute\">\n<dt class=\"name\">Type de conditionnement<\/dt>\n<dd class=\"value\">bo\u00eete<\/dd>\n<\/dl>\n<\/li>\n<\/ul>\n<\/li>\n<\/ul>\n<p><span class=\"dc__discriminant__info_text--highlight\">INFOS PRODUIT :\u00a0<\/span><span class=\"dc__discriminant__info_text--key\">Forme de la t\u00eate<\/span>\u00a0: hexagonale (TH)\u00a0<span class=\"dc__discriminant__info_text--separator\">I\u00a0<\/span><span class=\"dc__discriminant__info_text--key\">Forme de l&#8217;empreinte<\/span>\u00a0: sans\u00a0<span class=\"dc__discriminant__info_text--separator\">I\u00a0<\/span><span class=\"dc__discriminant__info_text--key\">Norme<\/span>\u00a0: DIN 7504 K\u00a0<span class=\"dc__discriminant__info_text--separator\">I\u00a0<\/span><span class=\"dc__discriminant__info_text--key\">Ailettes<\/span>\u00a0: sans\u00a0<span class=\"dc__discriminant__info_text--separator\">I\u00a0<\/span><span class=\"dc__discriminant__info_text--key\">Finition<\/span>\u00a0: zingu\u00e9\u00a0<span class=\"dc__discriminant__info_text--separator\">I\u00a0<\/span><span class=\"dc__discriminant__info_text--key\">Mati\u00e8re<\/span>\u00a0: acier\u00a0<span class=\"dc__discriminant__info_text--separator\">I\u00a0<\/span><span class=\"dc__discriminant__info_text--key\">Type de conditionnement<\/span>\u00a0: bo\u00eete<\/p>\n<div class=\"attribute product code-p\"><span class=\"type\"><span style=\"vertical-align: inherit;\"><span style=\"vertical-align: inherit;\">Code P : <\/span><\/span><\/span>\u00a0<span class=\"value\"><span style=\"vertical-align: inherit;\"><span style=\"vertical-align: inherit;\">P4300PT<\/span><\/span><\/span><\/div>\n<div class=\"attribute product sku\"><span class=\"type\">R\u00e9f. P :<\/span>\u00a0<span class=\"value\" data-bind=\"text: selectedArticleSku\">21293199<\/span><\/div>\n<div class=\"attribute product ref\"><span class=\"type\">R\u00e9f. fabricant :<\/span>\u00a0<span class=\"value\" data-bind=\"text: getReferenceCode()\">3371-3.5-9.5<\/span><\/div>\n<\/form>\n<\/div>\n","protected":false},"excerpt":{"rendered":"<p>Vis autoperceuse t\u00eate hexagonale \u00e0 embase Zingu\u00e9 &#8211; Famille 3371 Caract\u00e9ristiques techniques Forme de la t\u00eate hexagonale (TH) Forme de l&#8217;empreinte sans Ailettes sans Finition zingu\u00e9 Mati\u00e8re acier Type de&hellip;<\/p>\n","protected":false},"featured_media":550,"template":"","meta":[],"product_cat":[240,163,160,179,109,16],"product_tag":[],"class_list":{"0":"post-552","1":"product","2":"type-product","3":"status-publish","4":"has-post-thumbnail","6":"product_cat-electricite-2","7":"product_cat-outils-de-fixation","8":"product_cat-outils-electriques-portatifs","9":"product_cat-vis","10":"product_cat-vis-et-boulons","11":"product_cat-quincaillerie","13":"first","14":"instock","15":"taxable","16":"shipping-taxable","17":"purchasable","18":"product-type-simple"},"_links":{"self":[{"href":"http:\/\/s350233878.onlinehome.fr\/index.php\/wp-json\/wp\/v2\/product\/552","targetHints":{"allow":["GET"]}}],"collection":[{"href":"http:\/\/s350233878.onlinehome.fr\/index.php\/wp-json\/wp\/v2\/product"}],"about":[{"href":"http:\/\/s350233878.onlinehome.fr\/index.php\/wp-json\/wp\/v2\/types\/product"}],"wp:featuredmedia":[{"embeddable":true,"href":"http:\/\/s350233878.onlinehome.fr\/index.php\/wp-json\/wp\/v2\/media\/550"}],"wp:attachment":[{"href":"http:\/\/s350233878.onlinehome.fr\/index.php\/wp-json\/wp\/v2\/media?parent=552"}],"wp:term":[{"taxonomy":"product_cat","embeddable":true,"href":"http:\/\/s350233878.onlinehome.fr\/index.php\/wp-json\/wp\/v2\/product_cat?post=552"},{"taxonomy":"product_tag","embeddable":true,"href":"http:\/\/s350233878.onlinehome.fr\/index.php\/wp-json\/wp\/v2\/product_tag?post=552"}],"curies":[{"name":"wp","href":"https:\/\/api.w.org\/{rel}","templated":true}]}}