{"id":548,"date":"2023-06-30T10:54:27","date_gmt":"2023-06-30T08:54:27","guid":{"rendered":"https:\/\/vtbati.fr\/vtbati\/?post_type=product&#038;p=548"},"modified":"2023-06-30T10:54:27","modified_gmt":"2023-06-30T08:54:27","slug":"vis-autoperceuse-tete-hexagonale-a-embase-zingue","status":"publish","type":"product","link":"http:\/\/s350233878.onlinehome.fr\/index.php\/produit\/vis-autoperceuse-tete-hexagonale-a-embase-zingue\/","title":{"rendered":"Vis autoperceuse t\u00eate hexagonale \u00e0 embase zingu\u00e9"},"content":{"rendered":"<h2 class=\"dc__title-section\">Description du produit<\/h2>\n<div>Vis autoperceuse t\u00eate hexagonale \u00e0 embase Zingu\u00e9 &#8211; Famille 3371<\/div>\n<div>\n<h2 class=\"dc__title-section\">Caract\u00e9ristiquestechniques<\/h2>\n<form><input id=\"limit\" class=\"dc__limit_checkbox\" type=\"checkbox\" \/><\/p>\n<ul class=\"attributes data attributes--overflow\">\n<li style=\"list-style-type: none;\">\n<ul class=\"attributes data attributes--overflow\">\n<li>\n<dl class=\"attribute\">\n<dt class=\"name\">Type de conditionnement<\/dt>\n<dd class=\"value\">bo\u00eete<\/dd>\n<\/dl>\n<dl class=\"attribute\">\n<dt class=\"name\">Mati\u00e8re<\/dt>\n<dd class=\"value\">acier<\/dd>\n<dd><\/dd>\n<\/dl>\n<dl class=\"attribute\">\n<dt class=\"name\">Finition<\/dt>\n<dd class=\"value\">zingu\u00e9<\/dd>\n<\/dl>\n<dl class=\"attribute\">\n<dt class=\"name\">Ailettes<\/dt>\n<dd class=\"value\">sans<\/dd>\n<\/dl>\n<dl class=\"attribute\">\n<dt class=\"name\">Forme de l&#8217;empreinte<\/dt>\n<dd class=\"value\">sans<\/dd>\n<\/dl>\n<dl class=\"attribute\">\n<dt class=\"name\">Forme de la t\u00eate<\/dt>\n<dd class=\"value\">hexagonale (TH)<\/dd>\n<\/dl>\n<\/li>\n<\/ul>\n<\/li>\n<\/ul>\n<div class=\"attribute product code-p\"><span class=\"type\">Code P :<\/span>\u00a0<span class=\"value\">P4300PT<\/span><\/div>\n<div class=\"attribute product sku\"><span class=\"type\">R\u00e9f. P :<\/span>\u00a0<span class=\"value\" data-bind=\"text: selectedArticleSku\">21293199<\/span><\/div>\n<div class=\"attribute product ref\"><span class=\"type\">R\u00e9f. fabricant :<\/span>\u00a0<span class=\"value\" data-bind=\"text: getReferenceCode()\">3371-3.5-9.5<\/span><\/div>\n<\/form>\n<\/div>\n","protected":false},"excerpt":{"rendered":"<p>Description du produit Vis autoperceuse t\u00eate hexagonale \u00e0 embase Zingu\u00e9 &#8211; Famille 3371 Caract\u00e9ristiquestechniques Type de conditionnement bo\u00eete Mati\u00e8re acier Finition zingu\u00e9 Ailettes sans Forme de l&#8217;empreinte sans Forme de&hellip;<\/p>\n","protected":false},"featured_media":550,"template":"","meta":[],"product_cat":[240,163,160,179,109,16],"product_tag":[],"class_list":{"0":"post-548","1":"product","2":"type-product","3":"status-publish","4":"has-post-thumbnail","6":"product_cat-electricite-2","7":"product_cat-outils-de-fixation","8":"product_cat-outils-electriques-portatifs","9":"product_cat-vis","10":"product_cat-vis-et-boulons","11":"product_cat-quincaillerie","13":"first","14":"instock","15":"taxable","16":"shipping-taxable","17":"product-type-simple"},"_links":{"self":[{"href":"http:\/\/s350233878.onlinehome.fr\/index.php\/wp-json\/wp\/v2\/product\/548","targetHints":{"allow":["GET"]}}],"collection":[{"href":"http:\/\/s350233878.onlinehome.fr\/index.php\/wp-json\/wp\/v2\/product"}],"about":[{"href":"http:\/\/s350233878.onlinehome.fr\/index.php\/wp-json\/wp\/v2\/types\/product"}],"wp:featuredmedia":[{"embeddable":true,"href":"http:\/\/s350233878.onlinehome.fr\/index.php\/wp-json\/wp\/v2\/media\/550"}],"wp:attachment":[{"href":"http:\/\/s350233878.onlinehome.fr\/index.php\/wp-json\/wp\/v2\/media?parent=548"}],"wp:term":[{"taxonomy":"product_cat","embeddable":true,"href":"http:\/\/s350233878.onlinehome.fr\/index.php\/wp-json\/wp\/v2\/product_cat?post=548"},{"taxonomy":"product_tag","embeddable":true,"href":"http:\/\/s350233878.onlinehome.fr\/index.php\/wp-json\/wp\/v2\/product_tag?post=548"}],"curies":[{"name":"wp","href":"https:\/\/api.w.org\/{rel}","templated":true}]}}