{"id":4958,"date":"2024-03-07T16:59:34","date_gmt":"2024-03-07T15:59:34","guid":{"rendered":"https:\/\/vtbati.fr\/vtbati\/?post_type=product&#038;p=4958"},"modified":"2024-03-07T16:59:36","modified_gmt":"2024-03-07T15:59:36","slug":"sinto-mastic-polyester-sintofer-pro-extra-115-kg-blanc","status":"publish","type":"product","link":"http:\/\/s350233878.onlinehome.fr\/index.php\/produit\/sinto-mastic-polyester-sintofer-pro-extra-115-kg-blanc\/","title":{"rendered":"SINTO Mastic polyester SINTOFER PRO EXTRA &#8211; 1,15 kg &#8211; blanc"},"content":{"rendered":"<div class=\"attribute product sku\"><span class=\"type\">R\u00e9f. PROLIANS :<\/span>\u00a0<span class=\"value\" data-bind=\"text: selectedArticleSku\">46912667<\/span><\/div>\n<div class=\"attribute product ref\"><span class=\"type\">R\u00e9f. fabricant :<\/span>\u00a0<span class=\"value\" data-bind=\"text: getReferenceCode()\">22802<\/span><\/div>\n<div><\/div>\n<div>Mastic polyester bi-composants multifonctions pour tous les travaux de r\u00e9paration pour carrosserie.<br \/>\nGrande facilit\u00e9 d\u2019application.<br \/>\nExcellent garnissant.<br \/>\nBonne finesse.<br \/>\nS\u00e9chage rapide.<br \/>\nGrande facilit\u00e9 de pon\u00e7age \u00e0 sec conserv\u00e9e dans le temps.<br \/>\nBonne flexibilit\u00e9.<br \/>\nParfaite adh\u00e9rence sur tous supports.<\/div>\n","protected":false},"excerpt":{"rendered":"<p>R\u00e9f. PROLIANS :\u00a046912667 R\u00e9f. fabricant :\u00a022802 Mastic polyester bi-composants multifonctions pour tous les travaux de r\u00e9paration pour carrosserie. Grande facilit\u00e9 d\u2019application. Excellent garnissant. Bonne finesse. S\u00e9chage rapide. Grande facilit\u00e9 de&hellip;<\/p>\n","protected":false},"featured_media":4959,"template":"","meta":[],"product_cat":[1099,1104,23],"product_tag":[1212,1221,1210,1209,1220],"class_list":{"0":"post-4958","1":"product","2":"type-product","3":"status-publish","4":"has-post-thumbnail","6":"product_cat-mastics","7":"product_cat-mastics-polyester","8":"product_cat-consommable","9":"product_tag-1212","10":"product_tag-15-kg","11":"product_tag-mastic-polyester","12":"product_tag-sinto","13":"product_tag-sintofer-pro-extra","15":"first","16":"instock","17":"taxable","18":"shipping-taxable","19":"purchasable","20":"product-type-simple"},"_links":{"self":[{"href":"http:\/\/s350233878.onlinehome.fr\/index.php\/wp-json\/wp\/v2\/product\/4958","targetHints":{"allow":["GET"]}}],"collection":[{"href":"http:\/\/s350233878.onlinehome.fr\/index.php\/wp-json\/wp\/v2\/product"}],"about":[{"href":"http:\/\/s350233878.onlinehome.fr\/index.php\/wp-json\/wp\/v2\/types\/product"}],"wp:featuredmedia":[{"embeddable":true,"href":"http:\/\/s350233878.onlinehome.fr\/index.php\/wp-json\/wp\/v2\/media\/4959"}],"wp:attachment":[{"href":"http:\/\/s350233878.onlinehome.fr\/index.php\/wp-json\/wp\/v2\/media?parent=4958"}],"wp:term":[{"taxonomy":"product_cat","embeddable":true,"href":"http:\/\/s350233878.onlinehome.fr\/index.php\/wp-json\/wp\/v2\/product_cat?post=4958"},{"taxonomy":"product_tag","embeddable":true,"href":"http:\/\/s350233878.onlinehome.fr\/index.php\/wp-json\/wp\/v2\/product_tag?post=4958"}],"curies":[{"name":"wp","href":"https:\/\/api.w.org\/{rel}","templated":true}]}}