{"id":4955,"date":"2024-03-07T16:49:33","date_gmt":"2024-03-07T15:49:33","guid":{"rendered":"https:\/\/vtbati.fr\/vtbati\/?post_type=product&#038;p=4955"},"modified":"2024-03-07T16:49:34","modified_gmt":"2024-03-07T15:49:34","slug":"sinto-resine-polyester-sinto-kit-500-ml-jaune-vert","status":"publish","type":"product","link":"http:\/\/s350233878.onlinehome.fr\/index.php\/produit\/sinto-resine-polyester-sinto-kit-500-ml-jaune-vert\/","title":{"rendered":"SINTO R\u00e9sine polyester SINTO kit &#8211; 500 ml &#8211; jaune\/vert"},"content":{"rendered":"<div class=\"attribute product sku\"><span class=\"type\">R\u00e9f. PROLIANS :<\/span>\u00a0<span class=\"value\" data-bind=\"text: selectedArticleSku\">46911342<\/span><\/div>\n<div class=\"attribute product ref\"><span class=\"type\">R\u00e9f. fabricant :<\/span>\u00a0<span class=\"value\" data-bind=\"text: getReferenceCode()\">31150<\/span><\/div>\n<div><\/div>\n<div>Kit complet de r\u00e9paration compos\u00e9 de :<br \/>\n&#8211; 500 mL r\u00e9sine + \u00bd m\u00b2 tissu<br \/>\n&#8211; un durcisseur sp\u00e9cial r\u00e9sine polyester,<br \/>\n&#8211; un r\u00e9cipient de m\u00e9lange.<\/div>\n","protected":false},"excerpt":{"rendered":"<p>R\u00e9f. PROLIANS :\u00a046911342 R\u00e9f. fabricant :\u00a031150 Kit complet de r\u00e9paration compos\u00e9 de : &#8211; 500 mL r\u00e9sine + \u00bd m\u00b2 tissu &#8211; un durcisseur sp\u00e9cial r\u00e9sine polyester, &#8211; un r\u00e9cipient&hellip;<\/p>\n","protected":false},"featured_media":4956,"template":"","meta":[],"product_cat":[1099,1104,23],"product_tag":[1218,1219,1216,1209,1217],"class_list":{"0":"post-4955","1":"product","2":"type-product","3":"status-publish","4":"has-post-thumbnail","6":"product_cat-mastics","7":"product_cat-mastics-polyester","8":"product_cat-consommable","9":"product_tag-500-ml","10":"product_tag-jaune-vert","11":"product_tag-resine-polyester","12":"product_tag-sinto","13":"product_tag-sinto-kit","15":"first","16":"instock","17":"taxable","18":"shipping-taxable","19":"purchasable","20":"product-type-simple"},"_links":{"self":[{"href":"http:\/\/s350233878.onlinehome.fr\/index.php\/wp-json\/wp\/v2\/product\/4955","targetHints":{"allow":["GET"]}}],"collection":[{"href":"http:\/\/s350233878.onlinehome.fr\/index.php\/wp-json\/wp\/v2\/product"}],"about":[{"href":"http:\/\/s350233878.onlinehome.fr\/index.php\/wp-json\/wp\/v2\/types\/product"}],"wp:featuredmedia":[{"embeddable":true,"href":"http:\/\/s350233878.onlinehome.fr\/index.php\/wp-json\/wp\/v2\/media\/4956"}],"wp:attachment":[{"href":"http:\/\/s350233878.onlinehome.fr\/index.php\/wp-json\/wp\/v2\/media?parent=4955"}],"wp:term":[{"taxonomy":"product_cat","embeddable":true,"href":"http:\/\/s350233878.onlinehome.fr\/index.php\/wp-json\/wp\/v2\/product_cat?post=4955"},{"taxonomy":"product_tag","embeddable":true,"href":"http:\/\/s350233878.onlinehome.fr\/index.php\/wp-json\/wp\/v2\/product_tag?post=4955"}],"curies":[{"name":"wp","href":"https:\/\/api.w.org\/{rel}","templated":true}]}}