{"id":4949,"date":"2024-03-07T16:33:04","date_gmt":"2024-03-07T15:33:04","guid":{"rendered":"https:\/\/vtbati.fr\/vtbati\/?post_type=product&#038;p=4949"},"modified":"2024-03-07T16:33:05","modified_gmt":"2024-03-07T15:33:05","slug":"sinto-mastic-polyester-sintofer-pro-universel-195-kg-sur-couvercle-blanc","status":"publish","type":"product","link":"http:\/\/s350233878.onlinehome.fr\/index.php\/produit\/sinto-mastic-polyester-sintofer-pro-universel-195-kg-sur-couvercle-blanc\/","title":{"rendered":"SINTO Mastic polyester SINTOFER PRO UNIVERSEL &#8211; 1,95 kg + sur couvercle &#8211; blanc"},"content":{"rendered":"<div class=\"attribute product sku\"><span class=\"type\">R\u00e9f. PROLIANS :<\/span>\u00a0<span class=\"value\" data-bind=\"text: selectedArticleSku\">46912721<\/span><\/div>\n<div class=\"attribute product ref\"><span class=\"type\">R\u00e9f. fabricant :<\/span>\u00a0<span class=\"value\" data-bind=\"text: getReferenceCode()\">92902<\/span><\/div>\n<div><\/div>\n<div>Compatible avec les appr\u00eats polyur\u00e9thannes, polyester et tous les syst\u00e8mes de finitions carrosserie<br \/>\nS&rsquo;applique sur carrosserie, t\u00f4les classiques et \u00e9lectro zingu\u00e9es, \u00e9ventuellement sur bois, b\u00e9ton et stratifi\u00e9.<br \/>\nGrande facilit\u00e9 d\u2019application &#8211; S\u00e9chage rapide.<br \/>\nGrande facilit\u00e9 de pon\u00e7age \u00e0 sec.<\/div>\n","protected":false},"excerpt":{"rendered":"<p>R\u00e9f. PROLIANS :\u00a046912721 R\u00e9f. fabricant :\u00a092902 Compatible avec les appr\u00eats polyur\u00e9thannes, polyester et tous les syst\u00e8mes de finitions carrosserie S&rsquo;applique sur carrosserie, t\u00f4les classiques et \u00e9lectro zingu\u00e9es, \u00e9ventuellement sur bois,&hellip;<\/p>\n","protected":false},"featured_media":4950,"template":"","meta":[],"product_cat":[1099,1104,23],"product_tag":[1212,1213,707,1210,1209,1211,1214],"class_list":{"0":"post-4949","1":"product","2":"type-product","3":"status-publish","4":"has-post-thumbnail","6":"product_cat-mastics","7":"product_cat-mastics-polyester","8":"product_cat-consommable","9":"product_tag-1212","10":"product_tag-95-kg","11":"product_tag-blanc","12":"product_tag-mastic-polyester","13":"product_tag-sinto","14":"product_tag-sintofer-pro-universel","15":"product_tag-sur-couvercle","17":"first","18":"instock","19":"taxable","20":"shipping-taxable","21":"purchasable","22":"product-type-simple"},"_links":{"self":[{"href":"http:\/\/s350233878.onlinehome.fr\/index.php\/wp-json\/wp\/v2\/product\/4949","targetHints":{"allow":["GET"]}}],"collection":[{"href":"http:\/\/s350233878.onlinehome.fr\/index.php\/wp-json\/wp\/v2\/product"}],"about":[{"href":"http:\/\/s350233878.onlinehome.fr\/index.php\/wp-json\/wp\/v2\/types\/product"}],"wp:featuredmedia":[{"embeddable":true,"href":"http:\/\/s350233878.onlinehome.fr\/index.php\/wp-json\/wp\/v2\/media\/4950"}],"wp:attachment":[{"href":"http:\/\/s350233878.onlinehome.fr\/index.php\/wp-json\/wp\/v2\/media?parent=4949"}],"wp:term":[{"taxonomy":"product_cat","embeddable":true,"href":"http:\/\/s350233878.onlinehome.fr\/index.php\/wp-json\/wp\/v2\/product_cat?post=4949"},{"taxonomy":"product_tag","embeddable":true,"href":"http:\/\/s350233878.onlinehome.fr\/index.php\/wp-json\/wp\/v2\/product_tag?post=4949"}],"curies":[{"name":"wp","href":"https:\/\/api.w.org\/{rel}","templated":true}]}}