{"id":4944,"date":"2024-03-07T16:29:14","date_gmt":"2024-03-07T15:29:14","guid":{"rendered":"https:\/\/vtbati.fr\/vtbati\/?post_type=product&#038;p=4944"},"modified":"2024-03-07T16:29:15","modified_gmt":"2024-03-07T15:29:15","slug":"soudal-mastic-polyurethane-soudaflex-40-fc-600-ml-blanc","status":"publish","type":"product","link":"http:\/\/s350233878.onlinehome.fr\/index.php\/produit\/soudal-mastic-polyurethane-soudaflex-40-fc-600-ml-blanc\/","title":{"rendered":"SOUDAL Mastic polyur\u00e9thane SOUDAFLEX 40 FC &#8211; 600 ml &#8211; blanc"},"content":{"rendered":"<div class=\"attribute product sku\"><span class=\"type\">R\u00e9f. PROLIANS :<\/span>\u00a0<span class=\"value\" data-bind=\"text: selectedArticleSku\">52162483<\/span><\/div>\n<div class=\"attribute product ref\"><span class=\"type\">R\u00e9f. fabricant :<\/span>\u00a0<span class=\"value\" data-bind=\"text: getReferenceCode()\">102486<\/span><\/div>\n<div><\/div>\n<div>Mastic polyur\u00e9thane \u00e0 \u00e9lasticit\u00e9 en haut module pour tous joints de raccordement. Un bon choix pour les sols industriels. Pour un durcissment correct et un bon accrochage sur supports poreux, un primaire est toujours conseill\u00e9.Tr\u00e8s bonne applicabilit\u00e9, r\u00e9ticulation rapide, tr\u00e8s bonne adh\u00e9rence sur la plupart des supports, bonne r\u00e9sistance aux rayons UV, peut se peindre apr\u00e8s s\u00e9chage.Pour collages et joints dans le b\u00e2timent, joints de sol et joints muraux, collages structurels dans des applications vibrantes, joints de raccordement, ainsi que des collages souples entre m\u00e9taux, collages de plinthes, tuiles, bouches d\u2019a\u00e9ration.<\/div>\n","protected":false},"excerpt":{"rendered":"<p>R\u00e9f. PROLIANS :\u00a052162483 R\u00e9f. fabricant :\u00a0102486 Mastic polyur\u00e9thane \u00e0 \u00e9lasticit\u00e9 en haut module pour tous joints de raccordement. Un bon choix pour les sols industriels. Pour un durcissment correct et&hellip;<\/p>\n","protected":false},"featured_media":4946,"template":"","meta":[],"product_cat":[1099,1104,23],"product_tag":[1208,707,1185,1207,1151],"class_list":{"0":"post-4944","1":"product","2":"type-product","3":"status-publish","4":"has-post-thumbnail","6":"product_cat-mastics","7":"product_cat-mastics-polyester","8":"product_cat-consommable","9":"product_tag-600-ml","10":"product_tag-blanc","11":"product_tag-mastic-polyurethane","12":"product_tag-soudaflex-40-fc","13":"product_tag-soudal","15":"first","16":"instock","17":"taxable","18":"shipping-taxable","19":"purchasable","20":"product-type-simple"},"_links":{"self":[{"href":"http:\/\/s350233878.onlinehome.fr\/index.php\/wp-json\/wp\/v2\/product\/4944","targetHints":{"allow":["GET"]}}],"collection":[{"href":"http:\/\/s350233878.onlinehome.fr\/index.php\/wp-json\/wp\/v2\/product"}],"about":[{"href":"http:\/\/s350233878.onlinehome.fr\/index.php\/wp-json\/wp\/v2\/types\/product"}],"wp:featuredmedia":[{"embeddable":true,"href":"http:\/\/s350233878.onlinehome.fr\/index.php\/wp-json\/wp\/v2\/media\/4946"}],"wp:attachment":[{"href":"http:\/\/s350233878.onlinehome.fr\/index.php\/wp-json\/wp\/v2\/media?parent=4944"}],"wp:term":[{"taxonomy":"product_cat","embeddable":true,"href":"http:\/\/s350233878.onlinehome.fr\/index.php\/wp-json\/wp\/v2\/product_cat?post=4944"},{"taxonomy":"product_tag","embeddable":true,"href":"http:\/\/s350233878.onlinehome.fr\/index.php\/wp-json\/wp\/v2\/product_tag?post=4944"}],"curies":[{"name":"wp","href":"https:\/\/api.w.org\/{rel}","templated":true}]}}