{"id":4915,"date":"2024-02-28T16:22:34","date_gmt":"2024-02-28T15:22:34","guid":{"rendered":"https:\/\/vtbati.fr\/vtbati\/?post_type=product&#038;p=4915"},"modified":"2024-02-28T16:22:42","modified_gmt":"2024-02-28T15:22:42","slug":"mastic-polymere-pool-fix-290-ml-translucide","status":"publish","type":"product","link":"http:\/\/s350233878.onlinehome.fr\/index.php\/produit\/mastic-polymere-pool-fix-290-ml-translucide\/","title":{"rendered":"SOUDAL &#8211; Mastic polym\u00e8re POOL FIX &#8211; 290 ml &#8211; translucide"},"content":{"rendered":"<div class=\"attribute product sku\"><span class=\"type\">R\u00e9f. PROLIANS :<\/span>\u00a0<span class=\"value\" data-bind=\"text: selectedArticleSku\">61812911<\/span><\/div>\n<div class=\"attribute product ref\"><span class=\"type\">R\u00e9f. fabricant :<\/span>\u00a0<span class=\"value\" data-bind=\"text: getReferenceCode()\">132196<\/span><\/div>\n<div><\/div>\n<div><strong>Mastic colle polym\u00e8re hybride<\/strong><br \/>\nPool FIX est un mastic monocomposant \u00e9lastique neutre de grande qualit\u00e9 \u00e0 base de MS polym\u00e8re pour la r\u00e9paration provisoire de liner. Id\u00e9al pour l&rsquo;\u00e9tanch\u00e9it\u00e9 des pi\u00e8ces de piscine (skimmer, bonde de fond). Collage de mosa\u00cfques et carrelages (hors d&rsquo;eau et en eau). R\u00e9paration temporaire de petites fissures.<\/p>\n<ul>\n<li>Bonne adh\u00e9rence sur la plupart des supports, m\u00eame l\u00e9g\u00e8rement humides<\/li>\n<li>Formule claire comme l\u2019eau de roche<\/li>\n<li>Insensible aux moisissures, contient biocide avec action fongicide<\/li>\n<li>Facile \u00e0 appliquer et extruder, m\u00eame \u00e0 basses temp\u00e9ratures.<\/li>\n<li>Sans isocyanates, solvants, acides et halog\u00e8nes<\/li>\n<li>Elasticit\u00e9 permanente apr\u00e8s polym\u00e9risation<\/li>\n<li>Peut \u00eatre peint avec des syst\u00e8mes \u00e0 base d&rsquo;eau et de certains autres syst\u00e8mes (test pr\u00e9alable est recommand\u00e9)<\/li>\n<\/ul>\n<\/div>\n","protected":false},"excerpt":{"rendered":"<p>R\u00e9f. PROLIANS :\u00a061812911 R\u00e9f. fabricant :\u00a0132196 Mastic colle polym\u00e8re hybride Pool FIX est un mastic monocomposant \u00e9lastique neutre de grande qualit\u00e9 \u00e0 base de MS polym\u00e8re pour la r\u00e9paration provisoire&hellip;<\/p>\n","protected":false},"featured_media":0,"template":"","meta":[],"product_cat":[1099,1103,23],"product_tag":[1142,1198,1206,1151,1181],"class_list":{"0":"post-4915","1":"product","2":"type-product","3":"status-publish","5":"product_cat-mastics","6":"product_cat-mastics-polymere-et-hybrides","7":"product_cat-consommable","8":"product_tag-290-ml","9":"product_tag-mastic-polymere","10":"product_tag-pool-fix","11":"product_tag-soudal","12":"product_tag-translucide","14":"first","15":"instock","16":"taxable","17":"shipping-taxable","18":"product-type-simple"},"_links":{"self":[{"href":"http:\/\/s350233878.onlinehome.fr\/index.php\/wp-json\/wp\/v2\/product\/4915","targetHints":{"allow":["GET"]}}],"collection":[{"href":"http:\/\/s350233878.onlinehome.fr\/index.php\/wp-json\/wp\/v2\/product"}],"about":[{"href":"http:\/\/s350233878.onlinehome.fr\/index.php\/wp-json\/wp\/v2\/types\/product"}],"wp:attachment":[{"href":"http:\/\/s350233878.onlinehome.fr\/index.php\/wp-json\/wp\/v2\/media?parent=4915"}],"wp:term":[{"taxonomy":"product_cat","embeddable":true,"href":"http:\/\/s350233878.onlinehome.fr\/index.php\/wp-json\/wp\/v2\/product_cat?post=4915"},{"taxonomy":"product_tag","embeddable":true,"href":"http:\/\/s350233878.onlinehome.fr\/index.php\/wp-json\/wp\/v2\/product_tag?post=4915"}],"curies":[{"name":"wp","href":"https:\/\/api.w.org\/{rel}","templated":true}]}}