{"id":4909,"date":"2024-02-22T16:25:02","date_gmt":"2024-02-22T15:25:02","guid":{"rendered":"https:\/\/vtbati.fr\/vtbati\/?post_type=product&#038;p=4909"},"modified":"2024-02-22T16:25:04","modified_gmt":"2024-02-22T15:25:04","slug":"mastic-polymere-fix-all-turbo-290-ml-blanc","status":"publish","type":"product","link":"http:\/\/s350233878.onlinehome.fr\/index.php\/produit\/mastic-polymere-fix-all-turbo-290-ml-blanc\/","title":{"rendered":"SOUDAL &#8211; Mastic polym\u00e8re FIX ALL TURBO &#8211; 290 ml &#8211; blanc"},"content":{"rendered":"<div class=\"attribute product sku\"><span class=\"type\">R\u00e9f. PROLIANS :<\/span>\u00a0<span class=\"value\" data-bind=\"text: selectedArticleSku\">57287535<\/span><\/div>\n<div class=\"attribute product ref\"><span class=\"type\">R\u00e9f. fabricant :<\/span>\u00a0<span class=\"value\" data-bind=\"text: getReferenceCode()\">121923<\/span><\/div>\n<div><\/div>\n<div>Mastic-colle \u00e0 base de SMX Polym\u00e8res, neutre et \u00e9lastique,\u00a0<strong>pour tout collage super rapide.<\/strong><br \/>\nManipulable apr\u00e8s 20 min.<br \/>\nDurcissement tr\u00e8s rapide.<br \/>\nBonne adh\u00e9rence sur supports divers, m\u00eames humides.<br \/>\nApplicabilit\u00e9 optimale et \u00e9lasticit\u00e9 permanente apr\u00e8s polym\u00e9risation.<br \/>\nSe peint apr\u00e8s pelliculation avec des peintures en phase aqueuse.<br \/>\nExcellente r\u00e9sistance aux rayons UV et aux conditions atmosph\u00e9riques.<br \/>\nForce maximale \u00e9lev\u00e9e.<br \/>\nAdh\u00e9rence initiale = 80 Kg\/m\u00b2.<br \/>\nR\u00e9sistance finale = apr\u00e8s 3 heures = 380 T\/m\u00b2.<\/p>\n<p><strong>Normes<\/strong><br \/>\nNL : colle de fixation KOMO, certificat<br \/>\n33275, en vertu de BRL3107.<\/div>\n","protected":false},"excerpt":{"rendered":"<p>R\u00e9f. PROLIANS :\u00a057287535 R\u00e9f. fabricant :\u00a0121923 Mastic-colle \u00e0 base de SMX Polym\u00e8res, neutre et \u00e9lastique,\u00a0pour tout collage super rapide. Manipulable apr\u00e8s 20 min. Durcissement tr\u00e8s rapide. Bonne adh\u00e9rence sur supports&hellip;<\/p>\n","protected":false},"featured_media":4910,"template":"","meta":[],"product_cat":[1099,1103,23],"product_tag":[1142,707,1204,1198,1151],"class_list":{"0":"post-4909","1":"product","2":"type-product","3":"status-publish","4":"has-post-thumbnail","6":"product_cat-mastics","7":"product_cat-mastics-polymere-et-hybrides","8":"product_cat-consommable","9":"product_tag-290-ml","10":"product_tag-blanc","11":"product_tag-fix-all-turbo","12":"product_tag-mastic-polymere","13":"product_tag-soudal","15":"first","16":"instock","17":"taxable","18":"shipping-taxable","19":"purchasable","20":"product-type-simple"},"_links":{"self":[{"href":"http:\/\/s350233878.onlinehome.fr\/index.php\/wp-json\/wp\/v2\/product\/4909","targetHints":{"allow":["GET"]}}],"collection":[{"href":"http:\/\/s350233878.onlinehome.fr\/index.php\/wp-json\/wp\/v2\/product"}],"about":[{"href":"http:\/\/s350233878.onlinehome.fr\/index.php\/wp-json\/wp\/v2\/types\/product"}],"wp:featuredmedia":[{"embeddable":true,"href":"http:\/\/s350233878.onlinehome.fr\/index.php\/wp-json\/wp\/v2\/media\/4910"}],"wp:attachment":[{"href":"http:\/\/s350233878.onlinehome.fr\/index.php\/wp-json\/wp\/v2\/media?parent=4909"}],"wp:term":[{"taxonomy":"product_cat","embeddable":true,"href":"http:\/\/s350233878.onlinehome.fr\/index.php\/wp-json\/wp\/v2\/product_cat?post=4909"},{"taxonomy":"product_tag","embeddable":true,"href":"http:\/\/s350233878.onlinehome.fr\/index.php\/wp-json\/wp\/v2\/product_tag?post=4909"}],"curies":[{"name":"wp","href":"https:\/\/api.w.org\/{rel}","templated":true}]}}