{"id":4897,"date":"2024-02-19T16:53:35","date_gmt":"2024-02-19T15:53:35","guid":{"rendered":"https:\/\/vtbati.fr\/vtbati\/?post_type=product&#038;p=4897"},"modified":"2024-02-19T16:53:38","modified_gmt":"2024-02-19T15:53:38","slug":"mastic-polymere-2-en-1-290-ml-blanc","status":"publish","type":"product","link":"http:\/\/s350233878.onlinehome.fr\/index.php\/produit\/mastic-polymere-2-en-1-290-ml-blanc\/","title":{"rendered":"XHANDER &#8211; Mastic polym\u00e8re 2 en 1 &#8211; 290 ml &#8211; blanc"},"content":{"rendered":"<div class=\"attribute product sku\"><span class=\"type\">R\u00e9f. PROLIANS :<\/span>\u00a0<span class=\"value\" data-bind=\"text: selectedArticleSku\">68594073<\/span><\/div>\n<div class=\"attribute product ref\"><span class=\"type\">R\u00e9f. fabricant :<\/span>\u00a0<span class=\"value\" data-bind=\"text: getReferenceCode()\">30623202<\/span><\/div>\n<div><\/div>\n<div><strong>Mastic colle MS polym\u00e8res destin\u00e9 au collage souple, l\u2019\u00e9tanch\u00e9it\u00e9 et le calfeutrement.<\/strong><br \/>\nPour la r\u00e9alisation de collages souples et puissants, de joints de construction, de calfeutrement et d\u2019\u00e9tanch\u00e9it\u00e9.<br \/>\nExcellente adh\u00e9rence sur la majorit\u00e9 des supports de la construction, y compris humides.<br \/>\nSans solvants, ni isocyanates.<br \/>\nPeut \u00eatre peint\u00a0apr\u00e8s compl\u00e8te polym\u00e9risation.<br \/>\nTr\u00e8s bonne r\u00e9sistance aux intemp\u00e9ries et aux rayons UV.<br \/>\nTemp\u00e9ratures d\u2019application comprise entre +5\u00b0C et +35\u00b0C.Ne corrode pas les m\u00e9taux.Reprend ses propri\u00e9t\u00e9s initiales apr\u00e8s compression ou \u00e9longation.\u00a0Compatible avec la plupart des peintures.<\/div>\n","protected":false},"excerpt":{"rendered":"<p>R\u00e9f. PROLIANS :\u00a068594073 R\u00e9f. fabricant :\u00a030623202 Mastic colle MS polym\u00e8res destin\u00e9 au collage souple, l\u2019\u00e9tanch\u00e9it\u00e9 et le calfeutrement. Pour la r\u00e9alisation de collages souples et puissants, de joints de construction,&hellip;<\/p>\n","protected":false},"featured_media":4898,"template":"","meta":[],"product_cat":[1099,1103,23],"product_tag":[1200,1142,707,1198,559],"class_list":{"0":"post-4897","1":"product","2":"type-product","3":"status-publish","4":"has-post-thumbnail","6":"product_cat-mastics","7":"product_cat-mastics-polymere-et-hybrides","8":"product_cat-consommable","9":"product_tag-2-en-1","10":"product_tag-290-ml","11":"product_tag-blanc","12":"product_tag-mastic-polymere","13":"product_tag-xhander","15":"first","16":"instock","17":"taxable","18":"shipping-taxable","19":"purchasable","20":"product-type-simple"},"_links":{"self":[{"href":"http:\/\/s350233878.onlinehome.fr\/index.php\/wp-json\/wp\/v2\/product\/4897","targetHints":{"allow":["GET"]}}],"collection":[{"href":"http:\/\/s350233878.onlinehome.fr\/index.php\/wp-json\/wp\/v2\/product"}],"about":[{"href":"http:\/\/s350233878.onlinehome.fr\/index.php\/wp-json\/wp\/v2\/types\/product"}],"wp:featuredmedia":[{"embeddable":true,"href":"http:\/\/s350233878.onlinehome.fr\/index.php\/wp-json\/wp\/v2\/media\/4898"}],"wp:attachment":[{"href":"http:\/\/s350233878.onlinehome.fr\/index.php\/wp-json\/wp\/v2\/media?parent=4897"}],"wp:term":[{"taxonomy":"product_cat","embeddable":true,"href":"http:\/\/s350233878.onlinehome.fr\/index.php\/wp-json\/wp\/v2\/product_cat?post=4897"},{"taxonomy":"product_tag","embeddable":true,"href":"http:\/\/s350233878.onlinehome.fr\/index.php\/wp-json\/wp\/v2\/product_tag?post=4897"}],"curies":[{"name":"wp","href":"https:\/\/api.w.org\/{rel}","templated":true}]}}