{"id":4890,"date":"2024-02-19T16:45:57","date_gmt":"2024-02-19T15:45:57","guid":{"rendered":"https:\/\/vtbati.fr\/vtbati\/?post_type=product&#038;p=4890"},"modified":"2024-02-19T16:45:58","modified_gmt":"2024-02-19T15:45:58","slug":"mastic-polyurethane-sikaflex-155-fixotuile-purform-300-ml-terre-cuite","status":"publish","type":"product","link":"http:\/\/s350233878.onlinehome.fr\/index.php\/produit\/mastic-polyurethane-sikaflex-155-fixotuile-purform-300-ml-terre-cuite\/","title":{"rendered":"SIKA &#8211; Mastic polyur\u00e9thane SIKAFLEX 155 FIXOTUILE PURFORM &#8211; 300 ml &#8211; terre cuite"},"content":{"rendered":"<div class=\"attribute product sku\"><span class=\"type\">R\u00e9f. PROLIANS :<\/span>\u00a0<span class=\"value\" data-bind=\"text: selectedArticleSku\">71419304<\/span><\/div>\n<div class=\"attribute product ref\"><span class=\"type\">R\u00e9f. fabricant :<\/span>\u00a0<span class=\"value\" data-bind=\"text: getReferenceCode()\">SIKAFLEX-155 FIXOTUILE PF<\/span><\/div>\n<div>Mastic-colle mono composant \u00e0 base de polyur\u00e9thane, sp\u00e9cialement adapt\u00e9 au collage souple des tuiles \u00e0 l\u2019ext\u00e9rieur.<br \/>\nTechnologie Purform : produit \u00e0 tr\u00e8s faible teneur en monom\u00e8re.<br \/>\nPr\u00e9sente une bonne adh\u00e9rence sur la plupart des mat\u00e9riaux rencontr\u00e9s dans les travaux de couverture tuile.<br \/>\nApplication facile, aspect p\u00e2teux, ne coule pas.<br \/>\nPolym\u00e9risation sans retrait.<br \/>\nProduit non corrosif.<br \/>\nPolym\u00e9risation rapide.<\/p>\n<p>Bonne tenue au vieillissement naturel.<\/p><\/div>\n<div><\/div>\n<div><\/div>\n","protected":false},"excerpt":{"rendered":"<p>R\u00e9f. PROLIANS :\u00a071419304 R\u00e9f. fabricant :\u00a0SIKAFLEX-155 FIXOTUILE PF Mastic-colle mono composant \u00e0 base de polyur\u00e9thane, sp\u00e9cialement adapt\u00e9 au collage souple des tuiles \u00e0 l\u2019ext\u00e9rieur. Technologie Purform : produit \u00e0 tr\u00e8s&hellip;<\/p>\n","protected":false},"featured_media":4891,"template":"","meta":[],"product_cat":[1099,1102,23],"product_tag":[1139,1193,1185,1192,1196],"class_list":{"0":"post-4890","1":"product","2":"type-product","3":"status-publish","4":"has-post-thumbnail","6":"product_cat-mastics","7":"product_cat-mastics-polyurethane","8":"product_cat-consommable","9":"product_tag-300-ml","10":"product_tag-fixotuile-purform","11":"product_tag-mastic-polyurethane","12":"product_tag-sikaflex-155","13":"product_tag-terre-cuite","15":"first","16":"instock","17":"taxable","18":"shipping-taxable","19":"purchasable","20":"product-type-simple"},"_links":{"self":[{"href":"http:\/\/s350233878.onlinehome.fr\/index.php\/wp-json\/wp\/v2\/product\/4890","targetHints":{"allow":["GET"]}}],"collection":[{"href":"http:\/\/s350233878.onlinehome.fr\/index.php\/wp-json\/wp\/v2\/product"}],"about":[{"href":"http:\/\/s350233878.onlinehome.fr\/index.php\/wp-json\/wp\/v2\/types\/product"}],"wp:featuredmedia":[{"embeddable":true,"href":"http:\/\/s350233878.onlinehome.fr\/index.php\/wp-json\/wp\/v2\/media\/4891"}],"wp:attachment":[{"href":"http:\/\/s350233878.onlinehome.fr\/index.php\/wp-json\/wp\/v2\/media?parent=4890"}],"wp:term":[{"taxonomy":"product_cat","embeddable":true,"href":"http:\/\/s350233878.onlinehome.fr\/index.php\/wp-json\/wp\/v2\/product_cat?post=4890"},{"taxonomy":"product_tag","embeddable":true,"href":"http:\/\/s350233878.onlinehome.fr\/index.php\/wp-json\/wp\/v2\/product_tag?post=4890"}],"curies":[{"name":"wp","href":"https:\/\/api.w.org\/{rel}","templated":true}]}}