{"id":4887,"date":"2024-02-19T16:42:33","date_gmt":"2024-02-19T15:42:33","guid":{"rendered":"https:\/\/vtbati.fr\/vtbati\/?post_type=product&#038;p=4887"},"modified":"2024-02-19T16:42:35","modified_gmt":"2024-02-19T15:42:35","slug":"mastic-polyurethane-pour-tuiles-colotuile-300-ml-terre-cuite","status":"publish","type":"product","link":"http:\/\/s350233878.onlinehome.fr\/index.php\/produit\/mastic-polyurethane-pour-tuiles-colotuile-300-ml-terre-cuite\/","title":{"rendered":"SOUDAL &#8211; Mastic polyur\u00e9thane pour tuiles COLOTUILE &#8211; 300 ml &#8211; terre cuite"},"content":{"rendered":"<div class=\"attribute product sku\"><span class=\"type\">R\u00e9f. PROLIANS :<\/span>\u00a0<span class=\"value\" data-bind=\"text: selectedArticleSku\">58868035<\/span><\/div>\n<div class=\"attribute product ref\"><span class=\"type\">R\u00e9f. fabricant :<\/span>\u00a0<span class=\"value\" data-bind=\"text: getReferenceCode()\">106335<\/span><\/div>\n<div><strong>Colotuile est un mastic-colle polyur\u00e9thane\u00a0<\/strong>monocomposant haut module, pour la fixation souple de tuiles en terre cuite et b\u00e9ton. Remplace la fixation par pannetonnage, clouage et scellement au mortier. Facilement mall\u00e9able, Bonne stabilit\u00e9, Bonne adh\u00e9rence sur la plupart des mat\u00e9riaux de construction. Pour le collage de tuiles sur tuiles (tuiles de courant et de couvert), collage de tuiles sur liteaux bois ou autres support, collage de goutti\u00e8res entre elles.<\/div>\n<div><\/div>\n","protected":false},"excerpt":{"rendered":"<p>R\u00e9f. PROLIANS :\u00a058868035 R\u00e9f. fabricant :\u00a0106335 Colotuile est un mastic-colle polyur\u00e9thane\u00a0monocomposant haut module, pour la fixation souple de tuiles en terre cuite et b\u00e9ton. Remplace la fixation par pannetonnage, clouage&hellip;<\/p>\n","protected":false},"featured_media":4888,"template":"","meta":[],"product_cat":[1099,1102,23],"product_tag":[1195,1193,1185,1194,1192,1196],"class_list":{"0":"post-4887","1":"product","2":"type-product","3":"status-publish","4":"has-post-thumbnail","6":"product_cat-mastics","7":"product_cat-mastics-polyurethane","8":"product_cat-consommable","9":"product_tag-400-ml","10":"product_tag-fixotuile-purform","11":"product_tag-mastic-polyurethane","12":"product_tag-recharge","13":"product_tag-sikaflex-155","14":"product_tag-terre-cuite","16":"first","17":"instock","18":"taxable","19":"shipping-taxable","20":"purchasable","21":"product-type-simple"},"_links":{"self":[{"href":"http:\/\/s350233878.onlinehome.fr\/index.php\/wp-json\/wp\/v2\/product\/4887","targetHints":{"allow":["GET"]}}],"collection":[{"href":"http:\/\/s350233878.onlinehome.fr\/index.php\/wp-json\/wp\/v2\/product"}],"about":[{"href":"http:\/\/s350233878.onlinehome.fr\/index.php\/wp-json\/wp\/v2\/types\/product"}],"wp:featuredmedia":[{"embeddable":true,"href":"http:\/\/s350233878.onlinehome.fr\/index.php\/wp-json\/wp\/v2\/media\/4888"}],"wp:attachment":[{"href":"http:\/\/s350233878.onlinehome.fr\/index.php\/wp-json\/wp\/v2\/media?parent=4887"}],"wp:term":[{"taxonomy":"product_cat","embeddable":true,"href":"http:\/\/s350233878.onlinehome.fr\/index.php\/wp-json\/wp\/v2\/product_cat?post=4887"},{"taxonomy":"product_tag","embeddable":true,"href":"http:\/\/s350233878.onlinehome.fr\/index.php\/wp-json\/wp\/v2\/product_tag?post=4887"}],"curies":[{"name":"wp","href":"https:\/\/api.w.org\/{rel}","templated":true}]}}