{"id":4884,"date":"2024-02-19T16:27:24","date_gmt":"2024-02-19T15:27:24","guid":{"rendered":"https:\/\/vtbati.fr\/vtbati\/?post_type=product&#038;p=4884"},"modified":"2024-02-19T16:27:26","modified_gmt":"2024-02-19T15:27:26","slug":"mastic-colle-polyurethane-sikaflex-high-tack-purform-300-ml-blanc","status":"publish","type":"product","link":"http:\/\/s350233878.onlinehome.fr\/index.php\/produit\/mastic-colle-polyurethane-sikaflex-high-tack-purform-300-ml-blanc\/","title":{"rendered":"SIKA &#8211; Mastic colle polyur\u00e9thane SIKAFLEX HIGH TACK PURFORM- 300 ml &#8211; blanc"},"content":{"rendered":"<div class=\"attribute product sku\"><span class=\"type\">R\u00e9f. PROLIANS :<\/span>\u00a0<span class=\"value\" data-bind=\"text: selectedArticleSku\">71476898<\/span><\/div>\n<div class=\"attribute product ref\"><span class=\"type\">R\u00e9f. fabricant :<\/span>\u00a0<span class=\"value\" data-bind=\"text: getReferenceCode()\">SIKAFLEX HIGH TACK PURFORM<\/span><\/div>\n<div>Mastic colle haute performance \u00e0 maintien imm\u00e9diat \u00e9lev\u00e9.<br \/>\nPour collages d&rsquo;objets lourds en position horizontale, verticale ou en sous-face.<br \/>\nPolym\u00e9risation rapide.<br \/>\nTr\u00e8s bonne adh\u00e9rence sur la plupart des supports courants.<br \/>\nForte capacit\u00e9 de charge.<br \/>\nFaible teneur en monom\u00e8re : aucune formation \u00e0 la s\u00e9curit\u00e9 requise pour l&rsquo;utilisateur (restriction REACH 2023).<br \/>\nUtilisation en int\u00e9rieur ou ext\u00e9rieur, sur support sec.<\/div>\n","protected":false},"excerpt":{"rendered":"<p>R\u00e9f. PROLIANS :\u00a071476898 R\u00e9f. fabricant :\u00a0SIKAFLEX HIGH TACK PURFORM Mastic colle haute performance \u00e0 maintien imm\u00e9diat \u00e9lev\u00e9. Pour collages d&rsquo;objets lourds en position horizontale, verticale ou en sous-face. Polym\u00e9risation rapide.&hellip;<\/p>\n","protected":false},"featured_media":4885,"template":"","meta":[],"product_cat":[1099,1102,23],"product_tag":[1139,707,1189,1190,1155,1191],"class_list":{"0":"post-4884","1":"product","2":"type-product","3":"status-publish","4":"has-post-thumbnail","6":"product_cat-mastics","7":"product_cat-mastics-polyurethane","8":"product_cat-consommable","9":"product_tag-300-ml","10":"product_tag-blanc","11":"product_tag-mastic-colle","12":"product_tag-polyurethane","13":"product_tag-sika","14":"product_tag-sikaflex-high-tack-purform","16":"first","17":"instock","18":"taxable","19":"shipping-taxable","20":"purchasable","21":"product-type-simple"},"_links":{"self":[{"href":"http:\/\/s350233878.onlinehome.fr\/index.php\/wp-json\/wp\/v2\/product\/4884","targetHints":{"allow":["GET"]}}],"collection":[{"href":"http:\/\/s350233878.onlinehome.fr\/index.php\/wp-json\/wp\/v2\/product"}],"about":[{"href":"http:\/\/s350233878.onlinehome.fr\/index.php\/wp-json\/wp\/v2\/types\/product"}],"wp:featuredmedia":[{"embeddable":true,"href":"http:\/\/s350233878.onlinehome.fr\/index.php\/wp-json\/wp\/v2\/media\/4885"}],"wp:attachment":[{"href":"http:\/\/s350233878.onlinehome.fr\/index.php\/wp-json\/wp\/v2\/media?parent=4884"}],"wp:term":[{"taxonomy":"product_cat","embeddable":true,"href":"http:\/\/s350233878.onlinehome.fr\/index.php\/wp-json\/wp\/v2\/product_cat?post=4884"},{"taxonomy":"product_tag","embeddable":true,"href":"http:\/\/s350233878.onlinehome.fr\/index.php\/wp-json\/wp\/v2\/product_tag?post=4884"}],"curies":[{"name":"wp","href":"https:\/\/api.w.org\/{rel}","templated":true}]}}