{"id":4875,"date":"2024-02-19T15:54:44","date_gmt":"2024-02-19T14:54:44","guid":{"rendered":"https:\/\/vtbati.fr\/vtbati\/?post_type=product&#038;p=4875"},"modified":"2024-02-19T15:54:45","modified_gmt":"2024-02-19T14:54:45","slug":"mastic-silicone-loctite-si-5368-310-ml-noir","status":"publish","type":"product","link":"http:\/\/s350233878.onlinehome.fr\/index.php\/produit\/mastic-silicone-loctite-si-5368-310-ml-noir\/","title":{"rendered":"LOCTITE &#8211; Mastic silicone LOCTITE SI 5368 &#8211; 310 ml &#8211; noir"},"content":{"rendered":"<div class=\"attribute product sku\"><span class=\"type\">R\u00e9f. PROLIANS :<\/span>\u00a0<span class=\"value\" data-bind=\"text: selectedArticleSku\">22163434<\/span><\/div>\n<div class=\"attribute product ref\"><span class=\"type\">R\u00e9f. fabricant :<\/span>\u00a0<span class=\"value\" data-bind=\"text: getReferenceCode()\">LOCTITE SI 5368<\/span><\/div>\n<div><strong>Usage g\u00e9n\u00e9ral.<\/strong><\/p>\n<p>Id\u00e9al pour le collage (silicones HCR&#8230;), l\u2019\u00e9tanch\u00e9it\u00e9 (bo\u00eetiers \u00e9lectriques&#8230;) et la protection des pi\u00e8ces soumises aux vibrations ou en mouvement.<br \/>\nUtilisation dans l&rsquo;automobile, l&rsquo;\u00e9lectrom\u00e9nager et l&rsquo;a\u00e9rospatiale.<br \/>\nFormation de peau rapide.<\/p><\/div>\n<div><\/div>\n","protected":false},"excerpt":{"rendered":"<p>R\u00e9f. PROLIANS :\u00a022163434 R\u00e9f. fabricant :\u00a0LOCTITE SI 5368 Usage g\u00e9n\u00e9ral. Id\u00e9al pour le collage (silicones HCR&#8230;), l\u2019\u00e9tanch\u00e9it\u00e9 (bo\u00eetiers \u00e9lectriques&#8230;) et la protection des pi\u00e8ces soumises aux vibrations ou en mouvement.&hellip;<\/p>\n","protected":false},"featured_media":4876,"template":"","meta":[],"product_cat":[1099,1101,23],"product_tag":[1165,1183,1143,939],"class_list":{"0":"post-4875","1":"product","2":"type-product","3":"status-publish","4":"has-post-thumbnail","6":"product_cat-mastics","7":"product_cat-mastics-silicones","8":"product_cat-consommable","9":"product_tag-310-ml","10":"product_tag-loctite-si-5368","11":"product_tag-mastic-silicone","12":"product_tag-noir","14":"first","15":"instock","16":"taxable","17":"shipping-taxable","18":"purchasable","19":"product-type-simple"},"_links":{"self":[{"href":"http:\/\/s350233878.onlinehome.fr\/index.php\/wp-json\/wp\/v2\/product\/4875","targetHints":{"allow":["GET"]}}],"collection":[{"href":"http:\/\/s350233878.onlinehome.fr\/index.php\/wp-json\/wp\/v2\/product"}],"about":[{"href":"http:\/\/s350233878.onlinehome.fr\/index.php\/wp-json\/wp\/v2\/types\/product"}],"wp:featuredmedia":[{"embeddable":true,"href":"http:\/\/s350233878.onlinehome.fr\/index.php\/wp-json\/wp\/v2\/media\/4876"}],"wp:attachment":[{"href":"http:\/\/s350233878.onlinehome.fr\/index.php\/wp-json\/wp\/v2\/media?parent=4875"}],"wp:term":[{"taxonomy":"product_cat","embeddable":true,"href":"http:\/\/s350233878.onlinehome.fr\/index.php\/wp-json\/wp\/v2\/product_cat?post=4875"},{"taxonomy":"product_tag","embeddable":true,"href":"http:\/\/s350233878.onlinehome.fr\/index.php\/wp-json\/wp\/v2\/product_tag?post=4875"}],"curies":[{"name":"wp","href":"https:\/\/api.w.org\/{rel}","templated":true}]}}