{"id":4872,"date":"2024-02-19T15:51:26","date_gmt":"2024-02-19T14:51:26","guid":{"rendered":"https:\/\/vtbati.fr\/vtbati\/?post_type=product&#038;p=4872"},"modified":"2024-02-19T15:51:27","modified_gmt":"2024-02-19T14:51:27","slug":"mastic-silicone-loctite-si-5367-300-ml-blanc","status":"publish","type":"product","link":"http:\/\/s350233878.onlinehome.fr\/index.php\/produit\/mastic-silicone-loctite-si-5367-300-ml-blanc\/","title":{"rendered":"LOCTITE &#8211; Mastic silicone LOCTITE SI 5367 &#8211; 300 ml &#8211; blanc"},"content":{"rendered":"<div class=\"attribute product sku\"><span class=\"type\">R\u00e9f. PROLIANS :<\/span>\u00a0<span class=\"value\" data-bind=\"text: selectedArticleSku\">22163426<\/span><\/div>\n<div class=\"attribute product ref\"><span class=\"type\">R\u00e9f. fabricant :<\/span>\u00a0<span class=\"value\" data-bind=\"text: getReferenceCode()\">LOCTITE SI 5367<\/span><\/div>\n<div><strong>Formation de peau rapide.<\/strong><\/p>\n<p>Pour l&rsquo;\u00e9tanch\u00e9it\u00e9 des fen\u00eatres lat\u00e9rales dans les trains et les sources de chaleur (fours, \u00e9changeurs de chaleur, circuits de vapeur, chauffe-eau), assurant une protection \/ isolation des bo\u00eetiers \u00e9lectriques, le collage de silicones HCR et l&rsquo;entretien g\u00e9n\u00e9ral.<br \/>\nAllongement \u00e0 la rupture \u00e9lev\u00e9 de 500%.<br \/>\nAm\u00e9liore la tenue au pelage et l&rsquo;absorption des chocs.<\/p><\/div>\n","protected":false},"excerpt":{"rendered":"<p>R\u00e9f. PROLIANS :\u00a022163426 R\u00e9f. fabricant :\u00a0LOCTITE SI 5367 Formation de peau rapide. Pour l&rsquo;\u00e9tanch\u00e9it\u00e9 des fen\u00eatres lat\u00e9rales dans les trains et les sources de chaleur (fours, \u00e9changeurs de chaleur, circuits&hellip;<\/p>\n","protected":false},"featured_media":4873,"template":"","meta":[],"product_cat":[1099,1101,23],"product_tag":[1139,707,1159,1182,1143],"class_list":{"0":"post-4872","1":"product","2":"type-product","3":"status-publish","4":"has-post-thumbnail","6":"product_cat-mastics","7":"product_cat-mastics-silicones","8":"product_cat-consommable","9":"product_tag-300-ml","10":"product_tag-blanc","11":"product_tag-loctite","12":"product_tag-loctite-si-5367","13":"product_tag-mastic-silicone","15":"first","16":"instock","17":"taxable","18":"shipping-taxable","19":"purchasable","20":"product-type-simple"},"_links":{"self":[{"href":"http:\/\/s350233878.onlinehome.fr\/index.php\/wp-json\/wp\/v2\/product\/4872","targetHints":{"allow":["GET"]}}],"collection":[{"href":"http:\/\/s350233878.onlinehome.fr\/index.php\/wp-json\/wp\/v2\/product"}],"about":[{"href":"http:\/\/s350233878.onlinehome.fr\/index.php\/wp-json\/wp\/v2\/types\/product"}],"wp:featuredmedia":[{"embeddable":true,"href":"http:\/\/s350233878.onlinehome.fr\/index.php\/wp-json\/wp\/v2\/media\/4873"}],"wp:attachment":[{"href":"http:\/\/s350233878.onlinehome.fr\/index.php\/wp-json\/wp\/v2\/media?parent=4872"}],"wp:term":[{"taxonomy":"product_cat","embeddable":true,"href":"http:\/\/s350233878.onlinehome.fr\/index.php\/wp-json\/wp\/v2\/product_cat?post=4872"},{"taxonomy":"product_tag","embeddable":true,"href":"http:\/\/s350233878.onlinehome.fr\/index.php\/wp-json\/wp\/v2\/product_tag?post=4872"}],"curies":[{"name":"wp","href":"https:\/\/api.w.org\/{rel}","templated":true}]}}