{"id":4869,"date":"2024-02-19T15:48:03","date_gmt":"2024-02-19T14:48:03","guid":{"rendered":"https:\/\/vtbati.fr\/vtbati\/?post_type=product&#038;p=4869"},"modified":"2024-02-19T15:48:05","modified_gmt":"2024-02-19T14:48:05","slug":"mastic-silicone-special-alimentaire-gebsicone-a-280-ml-translucide","status":"publish","type":"product","link":"http:\/\/s350233878.onlinehome.fr\/index.php\/produit\/mastic-silicone-special-alimentaire-gebsicone-a-280-ml-translucide\/","title":{"rendered":"GEB &#8211; Mastic silicone sp\u00e9cial alimentaire GEBSICONE A &#8211; 280 ml &#8211; translucide"},"content":{"rendered":"<div class=\"attribute product sku\"><span class=\"type\">R\u00e9f. PROLIANS :<\/span>\u00a0<span class=\"value\" data-bind=\"text: selectedArticleSku\">63623458<\/span><\/div>\n<div class=\"attribute product ref\"><span class=\"type\">R\u00e9f. fabricant :<\/span>\u00a0<span class=\"value\" data-bind=\"text: getReferenceCode()\">890716<\/span><\/div>\n<div><\/div>\n<div>Mastic de jointoiement et de collage agr\u00e9\u00e9 pour \u00eatre en contact permanent ou occasionnel avec les aliments ou les boissons et r\u00e9sistant de -40\u00b0C \u00e0 +180\u00b0C en continu.<\/div>\n","protected":false},"excerpt":{"rendered":"<p>R\u00e9f. PROLIANS :\u00a063623458 R\u00e9f. fabricant :\u00a0890716 Mastic de jointoiement et de collage agr\u00e9\u00e9 pour \u00eatre en contact permanent ou occasionnel avec les aliments ou les boissons et r\u00e9sistant de -40\u00b0C&hellip;<\/p>\n","protected":false},"featured_media":4870,"template":"","meta":[],"product_cat":[1099,1101,23],"product_tag":[1180,1157,1179,1143,1178,1181],"class_list":{"0":"post-4869","1":"product","2":"type-product","3":"status-publish","4":"has-post-thumbnail","6":"product_cat-mastics","7":"product_cat-mastics-silicones","8":"product_cat-consommable","9":"product_tag-280-ml","10":"product_tag-geb","11":"product_tag-gebsicone-a","12":"product_tag-mastic-silicone","13":"product_tag-special-alimentaire","14":"product_tag-translucide","16":"first","17":"instock","18":"taxable","19":"shipping-taxable","20":"purchasable","21":"product-type-simple"},"_links":{"self":[{"href":"http:\/\/s350233878.onlinehome.fr\/index.php\/wp-json\/wp\/v2\/product\/4869","targetHints":{"allow":["GET"]}}],"collection":[{"href":"http:\/\/s350233878.onlinehome.fr\/index.php\/wp-json\/wp\/v2\/product"}],"about":[{"href":"http:\/\/s350233878.onlinehome.fr\/index.php\/wp-json\/wp\/v2\/types\/product"}],"wp:featuredmedia":[{"embeddable":true,"href":"http:\/\/s350233878.onlinehome.fr\/index.php\/wp-json\/wp\/v2\/media\/4870"}],"wp:attachment":[{"href":"http:\/\/s350233878.onlinehome.fr\/index.php\/wp-json\/wp\/v2\/media?parent=4869"}],"wp:term":[{"taxonomy":"product_cat","embeddable":true,"href":"http:\/\/s350233878.onlinehome.fr\/index.php\/wp-json\/wp\/v2\/product_cat?post=4869"},{"taxonomy":"product_tag","embeddable":true,"href":"http:\/\/s350233878.onlinehome.fr\/index.php\/wp-json\/wp\/v2\/product_tag?post=4869"}],"curies":[{"name":"wp","href":"https:\/\/api.w.org\/{rel}","templated":true}]}}