{"id":4856,"date":"2024-02-19T15:35:17","date_gmt":"2024-02-19T14:35:17","guid":{"rendered":"https:\/\/vtbati.fr\/vtbati\/?post_type=product&#038;p=4856"},"modified":"2024-02-19T15:35:19","modified_gmt":"2024-02-19T14:35:19","slug":"soudal-mastic-silicone-sanitaire-silirub-as","status":"publish","type":"product","link":"http:\/\/s350233878.onlinehome.fr\/index.php\/produit\/soudal-mastic-silicone-sanitaire-silirub-as\/","title":{"rendered":"SOUDAL &#8211; Mastic silicone sanitaire SILIRUB AS"},"content":{"rendered":"<div class=\"attribute product code-p\"><span class=\"type\">Code P :<\/span>\u00a0<span class=\"value\">P550093<\/span><\/div>\n<div class=\"attribute product sku\"><span class=\"type\">R\u00e9f. PROLIANS :<\/span>\u00a0<span class=\"value\" data-bind=\"text: selectedArticleSku\">47070996<\/span><\/div>\n<div class=\"attribute product ref\"><span class=\"type\">R\u00e9f. fabricant :<\/span>\u00a0<span class=\"value\" data-bind=\"text: getReferenceCode()\">120658<\/span><\/div>\n<div>Mastic silicone sanitaire ac\u00e9tique pour le rejointoyage dans les endroits humides (salles de bains, douches, cuisines, etc.). Evite les moisissures.Tr\u00e8s bonne applicabilit\u00e9, r\u00e9ticulation rapide, excellente r\u00e9sistance aux agressions chimiques, tr\u00e8s bonne adh\u00e9rence sur verre, \u00e9mail, carrelage, \u2026Pour tous joints dans les locaux \u00e0 forte humidit\u00e9,\u00a0de raccordement et de finition en cuisines. Pour l&rsquo;\u00e9tanch\u00e9it\u00e9 et montage de cabines de douche et saunas, travaux de vitrage &#8230;<br \/>\nA cause de son caract\u00e8re ac\u00e9tique, certains supports peuvent \u00eatre attaqu\u00e9s par le mastic.<\/div>\n","protected":false},"excerpt":{"rendered":"<p>Code P :\u00a0P550093 R\u00e9f. PROLIANS :\u00a047070996 R\u00e9f. fabricant :\u00a0120658 Mastic silicone sanitaire ac\u00e9tique pour le rejointoyage dans les endroits humides (salles de bains, douches, cuisines, etc.). Evite les moisissures.Tr\u00e8s bonne&hellip;<\/p>\n","protected":false},"featured_media":4858,"template":"","meta":[],"product_cat":[1099,1101,23],"product_tag":[1143,1145,1173,1151],"class_list":{"0":"post-4856","1":"product","2":"type-product","3":"status-publish","4":"has-post-thumbnail","6":"product_cat-mastics","7":"product_cat-mastics-silicones","8":"product_cat-consommable","9":"product_tag-mastic-silicone","10":"product_tag-sanitaire","11":"product_tag-silirub-as","12":"product_tag-soudal","14":"first","15":"instock","16":"taxable","17":"shipping-taxable","18":"purchasable","19":"product-type-simple"},"_links":{"self":[{"href":"http:\/\/s350233878.onlinehome.fr\/index.php\/wp-json\/wp\/v2\/product\/4856","targetHints":{"allow":["GET"]}}],"collection":[{"href":"http:\/\/s350233878.onlinehome.fr\/index.php\/wp-json\/wp\/v2\/product"}],"about":[{"href":"http:\/\/s350233878.onlinehome.fr\/index.php\/wp-json\/wp\/v2\/types\/product"}],"wp:featuredmedia":[{"embeddable":true,"href":"http:\/\/s350233878.onlinehome.fr\/index.php\/wp-json\/wp\/v2\/media\/4858"}],"wp:attachment":[{"href":"http:\/\/s350233878.onlinehome.fr\/index.php\/wp-json\/wp\/v2\/media?parent=4856"}],"wp:term":[{"taxonomy":"product_cat","embeddable":true,"href":"http:\/\/s350233878.onlinehome.fr\/index.php\/wp-json\/wp\/v2\/product_cat?post=4856"},{"taxonomy":"product_tag","embeddable":true,"href":"http:\/\/s350233878.onlinehome.fr\/index.php\/wp-json\/wp\/v2\/product_tag?post=4856"}],"curies":[{"name":"wp","href":"https:\/\/api.w.org\/{rel}","templated":true}]}}