{"id":4852,"date":"2024-02-19T15:25:12","date_gmt":"2024-02-19T14:25:12","guid":{"rendered":"https:\/\/vtbati.fr\/vtbati\/?post_type=product&#038;p=4852"},"modified":"2024-02-19T15:25:14","modified_gmt":"2024-02-19T14:25:14","slug":"soudal-mastic-silicone-sanitaire-silirub-ns","status":"publish","type":"product","link":"http:\/\/s350233878.onlinehome.fr\/index.php\/produit\/soudal-mastic-silicone-sanitaire-silirub-ns\/","title":{"rendered":"SOUDAL &#8211; Mastic silicone sanitaire SILIRUB NS"},"content":{"rendered":"<div class=\"attribute product code-p\"><span class=\"type\">Code P :<\/span>\u00a0<span class=\"value\">P55009H<\/span><\/div>\n<div class=\"attribute product sku\"><span class=\"type\">R\u00e9f. PROLIANS :<\/span>\u00a0<span class=\"value\" data-bind=\"text: selectedArticleSku\">47070961<\/span><\/div>\n<div class=\"attribute product ref\"><span class=\"type\">R\u00e9f. fabricant :<\/span>\u00a0<span class=\"value\" data-bind=\"text: getReferenceCode()\">120656<\/span><\/div>\n<div>Mastic de jointoyage monocomposant \u00e0 base de silicone, sans m\u00e9thyl\u00e9thylc\u00e9toxime MEKO.<br \/>\n\u00c9lasticit\u00e9 permanente apr\u00e8s polym\u00e9risation.<br \/>\nR\u00e9sistant aux rayons UV, \u00e0 l&rsquo;humidit\u00e9, et au vieillissement.<br \/>\nFormule contenant un biocide avec action fongicide.<br \/>\nApplicable sur toutes surfaces de construction.<br \/>\nExemple d&rsquo;utilisation : joints de baignoires, bacs \u00e0 douches, de cuisines, joints de chambres r\u00e9frig\u00e9r\u00e9es, joints de construction, de dilatation entre les mat\u00e9riaux de construction&#8230;<br \/>\nNe pas utiliser sur pierres naturelles.<\/div>\n","protected":false},"excerpt":{"rendered":"<p>Code P :\u00a0P55009H R\u00e9f. PROLIANS :\u00a047070961 R\u00e9f. fabricant :\u00a0120656 Mastic de jointoyage monocomposant \u00e0 base de silicone, sans m\u00e9thyl\u00e9thylc\u00e9toxime MEKO. \u00c9lasticit\u00e9 permanente apr\u00e8s polym\u00e9risation. R\u00e9sistant aux rayons UV, \u00e0 l&rsquo;humidit\u00e9,&hellip;<\/p>\n","protected":false},"featured_media":4854,"template":"","meta":[],"product_cat":[1099,1101,23],"product_tag":[1143,1145,1172,1151],"class_list":{"0":"post-4852","1":"product","2":"type-product","3":"status-publish","4":"has-post-thumbnail","6":"product_cat-mastics","7":"product_cat-mastics-silicones","8":"product_cat-consommable","9":"product_tag-mastic-silicone","10":"product_tag-sanitaire","11":"product_tag-silirub-ns","12":"product_tag-soudal","14":"first","15":"instock","16":"taxable","17":"shipping-taxable","18":"purchasable","19":"product-type-simple"},"_links":{"self":[{"href":"http:\/\/s350233878.onlinehome.fr\/index.php\/wp-json\/wp\/v2\/product\/4852","targetHints":{"allow":["GET"]}}],"collection":[{"href":"http:\/\/s350233878.onlinehome.fr\/index.php\/wp-json\/wp\/v2\/product"}],"about":[{"href":"http:\/\/s350233878.onlinehome.fr\/index.php\/wp-json\/wp\/v2\/types\/product"}],"wp:featuredmedia":[{"embeddable":true,"href":"http:\/\/s350233878.onlinehome.fr\/index.php\/wp-json\/wp\/v2\/media\/4854"}],"wp:attachment":[{"href":"http:\/\/s350233878.onlinehome.fr\/index.php\/wp-json\/wp\/v2\/media?parent=4852"}],"wp:term":[{"taxonomy":"product_cat","embeddable":true,"href":"http:\/\/s350233878.onlinehome.fr\/index.php\/wp-json\/wp\/v2\/product_cat?post=4852"},{"taxonomy":"product_tag","embeddable":true,"href":"http:\/\/s350233878.onlinehome.fr\/index.php\/wp-json\/wp\/v2\/product_tag?post=4852"}],"curies":[{"name":"wp","href":"https:\/\/api.w.org\/{rel}","templated":true}]}}