{"id":4843,"date":"2024-02-15T16:16:14","date_gmt":"2024-02-15T15:16:14","guid":{"rendered":"https:\/\/vtbati.fr\/vtbati\/?post_type=product&#038;p=4843"},"modified":"2024-02-15T16:16:18","modified_gmt":"2024-02-15T15:16:18","slug":"soudal-mastic-silicone-neutre-alcoxy-silirub-al-2t","status":"publish","type":"product","link":"http:\/\/s350233878.onlinehome.fr\/index.php\/produit\/soudal-mastic-silicone-neutre-alcoxy-silirub-al-2t\/","title":{"rendered":"SOUDAL &#8211; Mastic silicone neutre alcoxy SILIRUB AL 2T"},"content":{"rendered":"<div class=\"attribute product code-p\"><span class=\"type\">Code P :<\/span>\u00a0<span class=\"value\">P55009X<\/span><\/div>\n<div class=\"attribute product sku\"><span class=\"type\">R\u00e9f. PROLIANS :<\/span>\u00a0<span class=\"value\" data-bind=\"text: selectedArticleSku\">47070880<\/span><\/div>\n<div class=\"attribute product ref\"><span class=\"type\">R\u00e9f. fabricant :<\/span>\u00a0<span class=\"value\" data-bind=\"text: getReferenceCode()\">120648<\/span><\/div>\n<div><strong>Mastic silicone neutre alcoxy, \u00e0 \u00e9lasticit\u00e9 permanente<\/strong>.<\/p>\n<p>Tr\u00e8s bonne applicabilit\u00e9, couleur inalt\u00e9rable, r\u00e9siste aux UV, garde une \u00e9lasticit\u00e9 permanente apr\u00e8s polym\u00e9risation.<br \/>\nExcellente adh\u00e9rence sur la plupart des mat\u00e9riaux m\u00eame synth\u00e9tiques, bas module, non corrosif pour les m\u00e9taux, pelliculation lente, sans odeur.<br \/>\nPour joints de construction et d\u2019\u00e9tanch\u00e9it\u00e9 en menuiserie aluminium et bois, joints de vitrage en construction de v\u00e9randas ou miroiterie, joints de dilatation en int\u00e9rieur et ext\u00e9rieur.<br \/>\nPourAluminium, PVC et bois.<\/p><\/div>\n","protected":false},"excerpt":{"rendered":"<p>Code P :\u00a0P55009X R\u00e9f. PROLIANS :\u00a047070880 R\u00e9f. fabricant :\u00a0120648 Mastic silicone neutre alcoxy, \u00e0 \u00e9lasticit\u00e9 permanente. Tr\u00e8s bonne applicabilit\u00e9, couleur inalt\u00e9rable, r\u00e9siste aux UV, garde une \u00e9lasticit\u00e9 permanente apr\u00e8s polym\u00e9risation.&hellip;<\/p>\n","protected":false},"featured_media":4845,"template":"","meta":[],"product_cat":[1099,1101,23],"product_tag":[1169,1143,1146,1170,1151],"class_list":{"0":"post-4843","1":"product","2":"type-product","3":"status-publish","4":"has-post-thumbnail","6":"product_cat-mastics","7":"product_cat-mastics-silicones","8":"product_cat-consommable","9":"product_tag-alcoxy","10":"product_tag-mastic-silicone","11":"product_tag-neutre","12":"product_tag-silirub-al-2t","13":"product_tag-soudal","15":"first","16":"instock","17":"taxable","18":"shipping-taxable","19":"purchasable","20":"product-type-simple"},"_links":{"self":[{"href":"http:\/\/s350233878.onlinehome.fr\/index.php\/wp-json\/wp\/v2\/product\/4843","targetHints":{"allow":["GET"]}}],"collection":[{"href":"http:\/\/s350233878.onlinehome.fr\/index.php\/wp-json\/wp\/v2\/product"}],"about":[{"href":"http:\/\/s350233878.onlinehome.fr\/index.php\/wp-json\/wp\/v2\/types\/product"}],"wp:featuredmedia":[{"embeddable":true,"href":"http:\/\/s350233878.onlinehome.fr\/index.php\/wp-json\/wp\/v2\/media\/4845"}],"wp:attachment":[{"href":"http:\/\/s350233878.onlinehome.fr\/index.php\/wp-json\/wp\/v2\/media?parent=4843"}],"wp:term":[{"taxonomy":"product_cat","embeddable":true,"href":"http:\/\/s350233878.onlinehome.fr\/index.php\/wp-json\/wp\/v2\/product_cat?post=4843"},{"taxonomy":"product_tag","embeddable":true,"href":"http:\/\/s350233878.onlinehome.fr\/index.php\/wp-json\/wp\/v2\/product_tag?post=4843"}],"curies":[{"name":"wp","href":"https:\/\/api.w.org\/{rel}","templated":true}]}}