{"id":4839,"date":"2024-02-15T16:08:07","date_gmt":"2024-02-15T15:08:07","guid":{"rendered":"https:\/\/vtbati.fr\/vtbati\/?post_type=product&#038;p=4839"},"modified":"2024-02-15T16:08:10","modified_gmt":"2024-02-15T15:08:10","slug":"xhander-mastic-silicone-batiment-alcoxy-2","status":"publish","type":"product","link":"http:\/\/s350233878.onlinehome.fr\/index.php\/produit\/xhander-mastic-silicone-batiment-alcoxy-2\/","title":{"rendered":"XHANDER &#8211; Mastic silicone b\u00e2timent alcoxy"},"content":{"rendered":"<div class=\"attribute product code-p\"><span class=\"type\">Code P :<\/span>\u00a0<span class=\"value\">P55XXOR<\/span><\/div>\n<div class=\"attribute product sku\"><span class=\"type\">R\u00e9f. PROLIANS :<\/span>\u00a0<span class=\"value\" data-bind=\"text: selectedArticleSku\">68599806<\/span><\/div>\n<div class=\"attribute product ref\"><span class=\"type\">R\u00e9f. fabricant :<\/span>\u00a0<span class=\"value\" data-bind=\"text: getReferenceCode()\">158016<\/span><\/div>\n<div><\/div>\n<div><strong>Temps de formation de peau lent, forte adh\u00e9rence sur la plupart des supports.<\/strong><\/p>\n<p>Mastic silicone neutre alcoxy, \u00e0 \u00e9lasticit\u00e9 permanente et peu odorant.<\/p>\n<p>Utilisations: joints de constructions courants, vitrages et joints de raccordement, joints de dilatation entre les mat\u00e9riaux de construction.<\/p>\n<p>Forte adh\u00e9rence sur la plupart des supports.<br \/>\nElasticit\u00e9 permanente.<br \/>\nFormation de peau lente.<br \/>\nR\u00e9sistant aux rayons UV.<\/p><\/div>\n","protected":false},"excerpt":{"rendered":"<p>Code P :\u00a0P55XXOR R\u00e9f. PROLIANS :\u00a068599806 R\u00e9f. fabricant :\u00a0158016 Temps de formation de peau lent, forte adh\u00e9rence sur la plupart des supports. Mastic silicone neutre alcoxy, \u00e0 \u00e9lasticit\u00e9 permanente et&hellip;<\/p>\n","protected":false},"featured_media":4841,"template":"","meta":[],"product_cat":[1099,1101,23],"product_tag":[1147,1143,559],"class_list":{"0":"post-4839","1":"product","2":"type-product","3":"status-publish","4":"has-post-thumbnail","6":"product_cat-mastics","7":"product_cat-mastics-silicones","8":"product_cat-consommable","9":"product_tag-batiment-alcoxy","10":"product_tag-mastic-silicone","11":"product_tag-xhander","13":"first","14":"instock","15":"taxable","16":"shipping-taxable","17":"purchasable","18":"product-type-simple"},"_links":{"self":[{"href":"http:\/\/s350233878.onlinehome.fr\/index.php\/wp-json\/wp\/v2\/product\/4839","targetHints":{"allow":["GET"]}}],"collection":[{"href":"http:\/\/s350233878.onlinehome.fr\/index.php\/wp-json\/wp\/v2\/product"}],"about":[{"href":"http:\/\/s350233878.onlinehome.fr\/index.php\/wp-json\/wp\/v2\/types\/product"}],"wp:featuredmedia":[{"embeddable":true,"href":"http:\/\/s350233878.onlinehome.fr\/index.php\/wp-json\/wp\/v2\/media\/4841"}],"wp:attachment":[{"href":"http:\/\/s350233878.onlinehome.fr\/index.php\/wp-json\/wp\/v2\/media?parent=4839"}],"wp:term":[{"taxonomy":"product_cat","embeddable":true,"href":"http:\/\/s350233878.onlinehome.fr\/index.php\/wp-json\/wp\/v2\/product_cat?post=4839"},{"taxonomy":"product_tag","embeddable":true,"href":"http:\/\/s350233878.onlinehome.fr\/index.php\/wp-json\/wp\/v2\/product_tag?post=4839"}],"curies":[{"name":"wp","href":"https:\/\/api.w.org\/{rel}","templated":true}]}}