{"id":4836,"date":"2024-02-15T15:32:14","date_gmt":"2024-02-15T14:32:14","guid":{"rendered":"https:\/\/vtbati.fr\/vtbati\/?post_type=product&#038;p=4836"},"modified":"2024-02-15T15:32:18","modified_gmt":"2024-02-15T14:32:18","slug":"mastic-silicone-7070-plus-blanc-cartouche-300-ml","status":"publish","type":"product","link":"http:\/\/s350233878.onlinehome.fr\/index.php\/produit\/mastic-silicone-7070-plus-blanc-cartouche-300-ml\/","title":{"rendered":"DEN BRAVEN &#8211; Mastic silicone 7070 PLUS &#8211; blanc &#8211; cartouche 300 ml"},"content":{"rendered":"<div class=\"attribute product sku\"><span class=\"type\">R\u00e9f. PROLIANS :<\/span>\u00a0<span class=\"value\" data-bind=\"text: selectedArticleSku\">71559106<\/span><\/div>\n<div class=\"attribute product ref\"><span class=\"type\">R\u00e9f. fabricant :<\/span>\u00a0<span class=\"value\" data-bind=\"text: getReferenceCode()\">30618827<\/span><\/div>\n<div><\/div>\n<div>Mastic silicone neutre alcoxy pour joints de dilatation des constructions et joints de vitrages.<br \/>\nExcellente adh\u00e9rence \u00e0 la plupart des mat\u00e9riaux de construction.<br \/>\n\u00c9lasticit\u00e9 permanente dans toutes les conditions climatiques.<\/p>\n<p>\u00c0 appliquer sur supports solides, propres, secs, d\u00e9poussi\u00e9r\u00e9s et d\u00e9graiss\u00e9s.<br \/>\nApplication possible sur supports poreux trait\u00e9s au pr\u00e9alable avec l&rsquo;appr\u00eat Primer Universal.<br \/>\nApplication sur supports non poreux sans appr\u00eat n\u00e9cessaire.<br \/>\nR\u00e9sistance \u00e0 la temp\u00e9rature : &#8211; 40 \u00b0C \u00e0 + 120 \u00b0C.<\/p>\n<p>A stocker sous une temp\u00e9rature comprise entre + 5 \u00b0C et + 25 \u00b0C.<br \/>\nDur\u00e9e de conversation : 12 mois apr\u00e8s sa date de production, stock\u00e9 dans un endroit sec.<\/p>\n<p>Sans odeur.<\/p><\/div>\n","protected":false},"excerpt":{"rendered":"<p>R\u00e9f. PROLIANS :\u00a071559106 R\u00e9f. fabricant :\u00a030618827 Mastic silicone neutre alcoxy pour joints de dilatation des constructions et joints de vitrages. Excellente adh\u00e9rence \u00e0 la plupart des mat\u00e9riaux de construction. \u00c9lasticit\u00e9&hellip;<\/p>\n","protected":false},"featured_media":4837,"template":"","meta":[],"product_cat":[1099,1101,23],"product_tag":[1139,1167,707,1168,1166,1143],"class_list":{"0":"post-4836","1":"product","2":"type-product","3":"status-publish","4":"has-post-thumbnail","6":"product_cat-mastics","7":"product_cat-mastics-silicones","8":"product_cat-consommable","9":"product_tag-300-ml","10":"product_tag-7070-plus","11":"product_tag-blanc","12":"product_tag-cartouche","13":"product_tag-den-braven","14":"product_tag-mastic-silicone","16":"first","17":"instock","18":"taxable","19":"shipping-taxable","20":"purchasable","21":"product-type-simple"},"_links":{"self":[{"href":"http:\/\/s350233878.onlinehome.fr\/index.php\/wp-json\/wp\/v2\/product\/4836","targetHints":{"allow":["GET"]}}],"collection":[{"href":"http:\/\/s350233878.onlinehome.fr\/index.php\/wp-json\/wp\/v2\/product"}],"about":[{"href":"http:\/\/s350233878.onlinehome.fr\/index.php\/wp-json\/wp\/v2\/types\/product"}],"wp:featuredmedia":[{"embeddable":true,"href":"http:\/\/s350233878.onlinehome.fr\/index.php\/wp-json\/wp\/v2\/media\/4837"}],"wp:attachment":[{"href":"http:\/\/s350233878.onlinehome.fr\/index.php\/wp-json\/wp\/v2\/media?parent=4836"}],"wp:term":[{"taxonomy":"product_cat","embeddable":true,"href":"http:\/\/s350233878.onlinehome.fr\/index.php\/wp-json\/wp\/v2\/product_cat?post=4836"},{"taxonomy":"product_tag","embeddable":true,"href":"http:\/\/s350233878.onlinehome.fr\/index.php\/wp-json\/wp\/v2\/product_tag?post=4836"}],"curies":[{"name":"wp","href":"https:\/\/api.w.org\/{rel}","templated":true}]}}