{"id":4833,"date":"2024-02-15T15:26:28","date_gmt":"2024-02-15T14:26:28","guid":{"rendered":"https:\/\/vtbati.fr\/vtbati\/?post_type=product&#038;p=4833"},"modified":"2024-02-15T15:26:29","modified_gmt":"2024-02-15T14:26:29","slug":"mastic-silicone-loctite-si-5134-310-ml-bleu","status":"publish","type":"product","link":"http:\/\/s350233878.onlinehome.fr\/index.php\/produit\/mastic-silicone-loctite-si-5134-310-ml-bleu\/","title":{"rendered":"LOCTITE &#8211; Mastic silicone LOCTITE SI 5134 &#8211; 310 ml &#8211; bleu"},"content":{"rendered":"<div class=\"attribute product sku\"><span class=\"type\">R\u00e9f. PROLIANS :<\/span>\u00a0<span class=\"value\" data-bind=\"text: selectedArticleSku\">22167804<\/span><\/div>\n<div class=\"attribute product ref\"><span class=\"type\">R\u00e9f. fabricant :<\/span>\u00a0<span class=\"value\" data-bind=\"text: getReferenceCode()\">LOCTITE SI 5134<\/span><\/div>\n<div><\/div>\n<div>(alias LOCTITE Silicomet JS 544)<\/p>\n<p>Particuli\u00e8rement utilis\u00e9 comme joint d\u2019\u00e9tanch\u00e9it\u00e9 pour des applications de maintenance (automobile ou industrie).<br \/>\nRemplace par exemple les joints d\u00e9coup\u00e9s sur carters, couvercles, collecteurs, portes de visite&#8230;<\/p><\/div>\n","protected":false},"excerpt":{"rendered":"<p>R\u00e9f. PROLIANS :\u00a022167804 R\u00e9f. fabricant :\u00a0LOCTITE SI 5134 (alias LOCTITE Silicomet JS 544) Particuli\u00e8rement utilis\u00e9 comme joint d\u2019\u00e9tanch\u00e9it\u00e9 pour des applications de maintenance (automobile ou industrie). Remplace par exemple les&hellip;<\/p>\n","protected":false},"featured_media":4834,"template":"","meta":[],"product_cat":[1099,1101,23],"product_tag":[1165,1162,1143,1164],"class_list":{"0":"post-4833","1":"product","2":"type-product","3":"status-publish","4":"has-post-thumbnail","6":"product_cat-mastics","7":"product_cat-mastics-silicones","8":"product_cat-consommable","9":"product_tag-310-ml","10":"product_tag-bleu","11":"product_tag-mastic-silicone","12":"product_tag-si-5134","14":"first","15":"instock","16":"taxable","17":"shipping-taxable","18":"purchasable","19":"product-type-simple"},"_links":{"self":[{"href":"http:\/\/s350233878.onlinehome.fr\/index.php\/wp-json\/wp\/v2\/product\/4833","targetHints":{"allow":["GET"]}}],"collection":[{"href":"http:\/\/s350233878.onlinehome.fr\/index.php\/wp-json\/wp\/v2\/product"}],"about":[{"href":"http:\/\/s350233878.onlinehome.fr\/index.php\/wp-json\/wp\/v2\/types\/product"}],"wp:featuredmedia":[{"embeddable":true,"href":"http:\/\/s350233878.onlinehome.fr\/index.php\/wp-json\/wp\/v2\/media\/4834"}],"wp:attachment":[{"href":"http:\/\/s350233878.onlinehome.fr\/index.php\/wp-json\/wp\/v2\/media?parent=4833"}],"wp:term":[{"taxonomy":"product_cat","embeddable":true,"href":"http:\/\/s350233878.onlinehome.fr\/index.php\/wp-json\/wp\/v2\/product_cat?post=4833"},{"taxonomy":"product_tag","embeddable":true,"href":"http:\/\/s350233878.onlinehome.fr\/index.php\/wp-json\/wp\/v2\/product_tag?post=4833"}],"curies":[{"name":"wp","href":"https:\/\/api.w.org\/{rel}","templated":true}]}}