{"id":4827,"date":"2024-02-15T15:15:43","date_gmt":"2024-02-15T14:15:43","guid":{"rendered":"https:\/\/vtbati.fr\/vtbati\/?post_type=product&#038;p=4827"},"modified":"2024-02-15T15:15:46","modified_gmt":"2024-02-15T14:15:46","slug":"mastic-silicone-loctite-si-5926-100-ml-bleu","status":"publish","type":"product","link":"http:\/\/s350233878.onlinehome.fr\/index.php\/produit\/mastic-silicone-loctite-si-5926-100-ml-bleu\/","title":{"rendered":"LOCTITE &#8211; Mastic silicone LOCTITE SI 5926 &#8211; 100 ml &#8211; bleu"},"content":{"rendered":"<div class=\"attribute product sku\"><span class=\"type\">R\u00e9f. PROLIANS :<\/span>\u00a0<span class=\"value\" data-bind=\"text: selectedArticleSku\">41844957<\/span><\/div>\n<div class=\"attribute product ref\"><span class=\"type\">R\u00e9f. fabricant :<\/span>\u00a0<span class=\"value\" data-bind=\"text: getReferenceCode()\">LOCTITE SI 5926<\/span><\/div>\n<div>Pour l\u2019\u00e9tanch\u00e9it\u00e9 des plans de joints flexibles (carters de distribution, pompes \u00e0 eau, bo\u00eetiers de thermostat&#8230;).<br \/>\nR\u00e9siste aux vibrations ainsi qu&rsquo;aux dilatations.<br \/>\nR\u00e9siste au vieillissement, aux conditions climatiques et aux cycles thermiques sans durcir, se r\u00e9tracter ou fissurer.<br \/>\nHabituellement utilis\u00e9 pour les carters de distribution, couvercles de diff\u00e9rentiel, carters d&rsquo;huile, carters de transmission, pompes \u00e0 eau et bo\u00eetiers de thermostat.<br \/>\nJeu maxi. : 1 mm.<\/div>\n","protected":false},"excerpt":{"rendered":"<p>R\u00e9f. PROLIANS :\u00a041844957 R\u00e9f. fabricant :\u00a0LOCTITE SI 5926 Pour l\u2019\u00e9tanch\u00e9it\u00e9 des plans de joints flexibles (carters de distribution, pompes \u00e0 eau, bo\u00eetiers de thermostat&#8230;). R\u00e9siste aux vibrations ainsi qu&rsquo;aux dilatations.&hellip;<\/p>\n","protected":false},"featured_media":4828,"template":"","meta":[],"product_cat":[1099,1101,23],"product_tag":[1161,1162,1159,1143,1160],"class_list":{"0":"post-4827","1":"product","2":"type-product","3":"status-publish","4":"has-post-thumbnail","6":"product_cat-mastics","7":"product_cat-mastics-silicones","8":"product_cat-consommable","9":"product_tag-100-ml","10":"product_tag-bleu","11":"product_tag-loctite","12":"product_tag-mastic-silicone","13":"product_tag-si-5926","15":"first","16":"instock","17":"taxable","18":"shipping-taxable","19":"purchasable","20":"product-type-simple"},"_links":{"self":[{"href":"http:\/\/s350233878.onlinehome.fr\/index.php\/wp-json\/wp\/v2\/product\/4827","targetHints":{"allow":["GET"]}}],"collection":[{"href":"http:\/\/s350233878.onlinehome.fr\/index.php\/wp-json\/wp\/v2\/product"}],"about":[{"href":"http:\/\/s350233878.onlinehome.fr\/index.php\/wp-json\/wp\/v2\/types\/product"}],"wp:featuredmedia":[{"embeddable":true,"href":"http:\/\/s350233878.onlinehome.fr\/index.php\/wp-json\/wp\/v2\/media\/4828"}],"wp:attachment":[{"href":"http:\/\/s350233878.onlinehome.fr\/index.php\/wp-json\/wp\/v2\/media?parent=4827"}],"wp:term":[{"taxonomy":"product_cat","embeddable":true,"href":"http:\/\/s350233878.onlinehome.fr\/index.php\/wp-json\/wp\/v2\/product_cat?post=4827"},{"taxonomy":"product_tag","embeddable":true,"href":"http:\/\/s350233878.onlinehome.fr\/index.php\/wp-json\/wp\/v2\/product_tag?post=4827"}],"curies":[{"name":"wp","href":"https:\/\/api.w.org\/{rel}","templated":true}]}}