{"id":4821,"date":"2024-02-07T17:15:35","date_gmt":"2024-02-07T16:15:35","guid":{"rendered":"https:\/\/vtbati.fr\/vtbati\/?post_type=product&#038;p=4821"},"modified":"2024-02-07T17:15:37","modified_gmt":"2024-02-07T16:15:37","slug":"geb-mastic-silicone-sanitaire-gebsicone-w2","status":"publish","type":"product","link":"http:\/\/s350233878.onlinehome.fr\/index.php\/produit\/geb-mastic-silicone-sanitaire-gebsicone-w2\/","title":{"rendered":"GEB &#8211; Mastic silicone sanitaire GEBSICONE W2"},"content":{"rendered":"<div class=\"attribute product code-p\"><span class=\"type\">Code P :<\/span>\u00a0<span class=\"value\">P5500DB<\/span><\/div>\n<div class=\"attribute product sku\"><span class=\"type\">R\u00e9f. PROLIANS :<\/span>\u00a0<span class=\"value\" data-bind=\"text: selectedArticleSku\">21738557<\/span><\/div>\n<div class=\"attribute product ref\"><span class=\"type\">R\u00e9f. fabricant :<\/span>\u00a0<span class=\"value\" data-bind=\"text: getReferenceCode()\">890501<\/span><\/div>\n<div><\/div>\n<div>Mastic silicone neutre fongicide, qualit\u00e9 sp\u00e9ciale sanitaire, utilisable sur la plupart des supports.<br \/>\nPermet de faire un joint d&rsquo;\u00e9tanch\u00e9it\u00e9 \u00e9lastique autour des appareils sanitaires : lavabos, vasques, bacs et cabines de douche, baignoires, \u00e9viers, meubles de salles de bains, plans de travail, meubles m\u00e9lamin\u00e9s.<br \/>\nApplicable sur le verre, l\u2019\u00e9mail, la porcelaine, l\u2019acrylique, les mat\u00e9riaux de synth\u00e8se et r\u00e9sine, le bois, le b\u00e9ton, l\u2019inox, les pierres naturelles (apr\u00e8s essai) etc\u2026. , sans odeur.<br \/>\nNe peut \u00eatre peint.<\/div>\n","protected":false},"excerpt":{"rendered":"<p>Code P :\u00a0P5500DB R\u00e9f. PROLIANS :\u00a021738557 R\u00e9f. fabricant :\u00a0890501 Mastic silicone neutre fongicide, qualit\u00e9 sp\u00e9ciale sanitaire, utilisable sur la plupart des supports. Permet de faire un joint d&rsquo;\u00e9tanch\u00e9it\u00e9 \u00e9lastique autour&hellip;<\/p>\n","protected":false},"featured_media":4823,"template":"","meta":[],"product_cat":[1099,1101,23],"product_tag":[1157,1158,1143,1145],"class_list":{"0":"post-4821","1":"product","2":"type-product","3":"status-publish","4":"has-post-thumbnail","6":"product_cat-mastics","7":"product_cat-mastics-silicones","8":"product_cat-consommable","9":"product_tag-geb","10":"product_tag-gebsicone-w2","11":"product_tag-mastic-silicone","12":"product_tag-sanitaire","14":"first","15":"instock","16":"taxable","17":"shipping-taxable","18":"purchasable","19":"product-type-simple"},"_links":{"self":[{"href":"http:\/\/s350233878.onlinehome.fr\/index.php\/wp-json\/wp\/v2\/product\/4821","targetHints":{"allow":["GET"]}}],"collection":[{"href":"http:\/\/s350233878.onlinehome.fr\/index.php\/wp-json\/wp\/v2\/product"}],"about":[{"href":"http:\/\/s350233878.onlinehome.fr\/index.php\/wp-json\/wp\/v2\/types\/product"}],"wp:featuredmedia":[{"embeddable":true,"href":"http:\/\/s350233878.onlinehome.fr\/index.php\/wp-json\/wp\/v2\/media\/4823"}],"wp:attachment":[{"href":"http:\/\/s350233878.onlinehome.fr\/index.php\/wp-json\/wp\/v2\/media?parent=4821"}],"wp:term":[{"taxonomy":"product_cat","embeddable":true,"href":"http:\/\/s350233878.onlinehome.fr\/index.php\/wp-json\/wp\/v2\/product_cat?post=4821"},{"taxonomy":"product_tag","embeddable":true,"href":"http:\/\/s350233878.onlinehome.fr\/index.php\/wp-json\/wp\/v2\/product_tag?post=4821"}],"curies":[{"name":"wp","href":"https:\/\/api.w.org\/{rel}","templated":true}]}}