{"id":4818,"date":"2024-02-07T17:10:49","date_gmt":"2024-02-07T16:10:49","guid":{"rendered":"https:\/\/vtbati.fr\/vtbati\/?post_type=product&#038;p=4818"},"modified":"2024-02-07T17:10:50","modified_gmt":"2024-02-07T16:10:50","slug":"sika-mastic-sikaseal-110-menuiserie","status":"publish","type":"product","link":"http:\/\/s350233878.onlinehome.fr\/index.php\/produit\/sika-mastic-sikaseal-110-menuiserie\/","title":{"rendered":"SIKA &#8211; Mastic SIKASEAL 110 MENUISERIE"},"content":{"rendered":"<div class=\"attribute product code-p\"><span class=\"type\">Code P :<\/span>\u00a0<span class=\"value\">P55NQSD<\/span><\/div>\n<div class=\"attribute product sku\"><span class=\"type\">R\u00e9f. PROLIANS :<\/span>\u00a0<span class=\"value\" data-bind=\"text: selectedArticleSku\">71275132<\/span><\/div>\n<div class=\"attribute product ref\"><span class=\"type\">R\u00e9f. fabricant :<\/span>\u00a0<span class=\"value\" data-bind=\"text: getReferenceCode()\">SIKASEAL 110 MENUISERIE<\/span><\/div>\n<div><\/div>\n<div>Mastic silicone neutre mono-composant pour r\u00e9alisation de joints en travaux neufs et r\u00e9novation, joints entre vitrages et joints de calfeutrement de menuiserie.<br \/>\nAdh\u00e9sion tous supports : b\u00e9ton et mortier, aluminium anodis\u00e9 et thermolaqu\u00e9, verre non trait\u00e9, PVC, inox, zinc, bois vernis ou peint, etc.<br \/>\nR\u00e9siste aux intemp\u00e9ries apr\u00e8s polym\u00e9risation, r\u00e9siste aux UV.<br \/>\nApplication et lissage facile.<br \/>\nSans odeur.<\/div>\n","protected":false},"excerpt":{"rendered":"<p>Code P :\u00a0P55NQSD R\u00e9f. PROLIANS :\u00a071275132 R\u00e9f. fabricant :\u00a0SIKASEAL 110 MENUISERIE Mastic silicone neutre mono-composant pour r\u00e9alisation de joints en travaux neufs et r\u00e9novation, joints entre vitrages et joints de&hellip;<\/p>\n","protected":false},"featured_media":4819,"template":"","meta":[],"product_cat":[1099,1101,23],"product_tag":[1148,83,1155,1156],"class_list":{"0":"post-4818","1":"product","2":"type-product","3":"status-publish","4":"has-post-thumbnail","6":"product_cat-mastics","7":"product_cat-mastics-silicones","8":"product_cat-consommable","9":"product_tag-mastic","10":"product_tag-menuiserie","11":"product_tag-sika","12":"product_tag-sikaseal-110","14":"first","15":"instock","16":"taxable","17":"shipping-taxable","18":"purchasable","19":"product-type-simple"},"_links":{"self":[{"href":"http:\/\/s350233878.onlinehome.fr\/index.php\/wp-json\/wp\/v2\/product\/4818","targetHints":{"allow":["GET"]}}],"collection":[{"href":"http:\/\/s350233878.onlinehome.fr\/index.php\/wp-json\/wp\/v2\/product"}],"about":[{"href":"http:\/\/s350233878.onlinehome.fr\/index.php\/wp-json\/wp\/v2\/types\/product"}],"wp:featuredmedia":[{"embeddable":true,"href":"http:\/\/s350233878.onlinehome.fr\/index.php\/wp-json\/wp\/v2\/media\/4819"}],"wp:attachment":[{"href":"http:\/\/s350233878.onlinehome.fr\/index.php\/wp-json\/wp\/v2\/media?parent=4818"}],"wp:term":[{"taxonomy":"product_cat","embeddable":true,"href":"http:\/\/s350233878.onlinehome.fr\/index.php\/wp-json\/wp\/v2\/product_cat?post=4818"},{"taxonomy":"product_tag","embeddable":true,"href":"http:\/\/s350233878.onlinehome.fr\/index.php\/wp-json\/wp\/v2\/product_tag?post=4818"}],"curies":[{"name":"wp","href":"https:\/\/api.w.org\/{rel}","templated":true}]}}