{"id":4814,"date":"2024-02-07T16:48:50","date_gmt":"2024-02-07T15:48:50","guid":{"rendered":"https:\/\/vtbati.fr\/vtbati\/?post_type=product&#038;p=4814"},"modified":"2024-02-07T16:48:52","modified_gmt":"2024-02-07T15:48:52","slug":"soudal-mastic-silicone-silirub-neo5-pour-facades-et-vitrage","status":"publish","type":"product","link":"http:\/\/s350233878.onlinehome.fr\/index.php\/produit\/soudal-mastic-silicone-silirub-neo5-pour-facades-et-vitrage\/","title":{"rendered":"SOUDAL &#8211; Mastic silicone SILIRUB NEO5 pour fa\u00e7ades et vitrage"},"content":{"rendered":"<div class=\"attribute product code-p\"><span class=\"type\">Code P :<\/span>\u00a0<span class=\"value\">P55M5QL<\/span><\/div>\n<div class=\"attribute product sku\"><span class=\"type\">R\u00e9f. PROLIANS :<\/span>\u00a0<span class=\"value\" data-bind=\"text: selectedArticleSku\">67853954<\/span><\/div>\n<div class=\"attribute product ref\"><span class=\"type\">R\u00e9f. fabricant :<\/span>\u00a0<span class=\"value\" data-bind=\"text: getReferenceCode()\">120635<\/span><\/div>\n<div><\/div>\n<div>Mastic de vitrage et de facade neutre et peu odorant.<br \/>\nR\u00e9sistant aux U.V..<br \/>\nElasticit\u00e9 permanente apr\u00e8s polym\u00e9risation.<br \/>\nNon recouvrable.<br \/>\nNe convient pas pour la pierre natuelle.<\/div>\n","protected":false},"excerpt":{"rendered":"<p>Code P :\u00a0P55M5QL R\u00e9f. PROLIANS :\u00a067853954 R\u00e9f. fabricant :\u00a0120635 Mastic de vitrage et de facade neutre et peu odorant. R\u00e9sistant aux U.V.. Elasticit\u00e9 permanente apr\u00e8s polym\u00e9risation. Non recouvrable. Ne convient&hellip;<\/p>\n","protected":false},"featured_media":4816,"template":"","meta":[],"product_cat":[1099,1101,23],"product_tag":[1153,1143,1152,1151,1154],"class_list":{"0":"post-4814","1":"product","2":"type-product","3":"status-publish","4":"has-post-thumbnail","6":"product_cat-mastics","7":"product_cat-mastics-silicones","8":"product_cat-consommable","9":"product_tag-facades","10":"product_tag-mastic-silicone","11":"product_tag-silirub-neo5","12":"product_tag-soudal","13":"product_tag-vitrage","15":"first","16":"instock","17":"taxable","18":"shipping-taxable","19":"purchasable","20":"product-type-simple"},"_links":{"self":[{"href":"http:\/\/s350233878.onlinehome.fr\/index.php\/wp-json\/wp\/v2\/product\/4814","targetHints":{"allow":["GET"]}}],"collection":[{"href":"http:\/\/s350233878.onlinehome.fr\/index.php\/wp-json\/wp\/v2\/product"}],"about":[{"href":"http:\/\/s350233878.onlinehome.fr\/index.php\/wp-json\/wp\/v2\/types\/product"}],"wp:featuredmedia":[{"embeddable":true,"href":"http:\/\/s350233878.onlinehome.fr\/index.php\/wp-json\/wp\/v2\/media\/4816"}],"wp:attachment":[{"href":"http:\/\/s350233878.onlinehome.fr\/index.php\/wp-json\/wp\/v2\/media?parent=4814"}],"wp:term":[{"taxonomy":"product_cat","embeddable":true,"href":"http:\/\/s350233878.onlinehome.fr\/index.php\/wp-json\/wp\/v2\/product_cat?post=4814"},{"taxonomy":"product_tag","embeddable":true,"href":"http:\/\/s350233878.onlinehome.fr\/index.php\/wp-json\/wp\/v2\/product_tag?post=4814"}],"curies":[{"name":"wp","href":"https:\/\/api.w.org\/{rel}","templated":true}]}}