{"id":4807,"date":"2024-02-06T16:55:25","date_gmt":"2024-02-06T15:55:25","guid":{"rendered":"https:\/\/vtbati.fr\/vtbati\/?post_type=product&#038;p=4807"},"modified":"2024-02-06T16:55:30","modified_gmt":"2024-02-06T15:55:30","slug":"xhander-mastic-silicone-batiment-alcoxy","status":"publish","type":"product","link":"http:\/\/s350233878.onlinehome.fr\/index.php\/produit\/xhander-mastic-silicone-batiment-alcoxy\/","title":{"rendered":"XHANDER- Mastic silicone b\u00e2timent alcoxy"},"content":{"rendered":"<div class=\"attribute product code-p\"><span class=\"type\">Code P :<\/span>\u00a0<span class=\"value\">P55USAB<\/span><\/div>\n<div class=\"attribute product sku\"><span class=\"type\">R\u00e9f. PROLIANS :<\/span>\u00a0<span class=\"value\" data-bind=\"text: selectedArticleSku\">68599687<\/span><\/div>\n<div class=\"attribute product ref\"><span class=\"type\">R\u00e9f. fbricant :<\/span>\u00a0<span class=\"value\" data-bind=\"text: getReferenceCode()\">158003<\/span><\/div>\n<div><\/div>\n<div><strong>Temps de formation de peau lent.<\/strong><\/p>\n<p>Mastic silicone neutre type alcoxy de teinte inalt\u00e9rable.<br \/>\nLabellis\u00e9 SNJF.<br \/>\nUtilisations : joints de construction et d\u2019\u00e9tanch\u00e9it\u00e9 pour menuiseries, joints de vitrage pour construction de v\u00e9randas ou miroiterie, joints de dilatation int\u00e9rieur et ext\u00e9rieur.<br \/>\nExcellente r\u00e9sistance aux intemp\u00e9ries et aux rayons UV.<br \/>\n\u00c9lasticit\u00e9 permanente apr\u00e8s polym\u00e9risation.<br \/>\nCartouche de 300 ml.<br \/>\nPlage d&rsquo;utilisation : 5 \u00e0 35\u00b0C.<br \/>\nTemps de formation de peau : 35 min.<\/p><\/div>\n","protected":false},"excerpt":{"rendered":"<p>Code P :\u00a0P55USAB R\u00e9f. PROLIANS :\u00a068599687 R\u00e9f. fbricant :\u00a0158003 Temps de formation de peau lent. Mastic silicone neutre type alcoxy de teinte inalt\u00e9rable. Labellis\u00e9 SNJF. Utilisations : joints de construction&hellip;<\/p>\n","protected":false},"featured_media":4800,"template":"","meta":[],"product_cat":[1099,1101,23],"product_tag":[1147,1143,559],"class_list":{"0":"post-4807","1":"product","2":"type-product","3":"status-publish","4":"has-post-thumbnail","6":"product_cat-mastics","7":"product_cat-mastics-silicones","8":"product_cat-consommable","9":"product_tag-batiment-alcoxy","10":"product_tag-mastic-silicone","11":"product_tag-xhander","13":"first","14":"instock","15":"taxable","16":"shipping-taxable","17":"purchasable","18":"product-type-simple"},"_links":{"self":[{"href":"http:\/\/s350233878.onlinehome.fr\/index.php\/wp-json\/wp\/v2\/product\/4807","targetHints":{"allow":["GET"]}}],"collection":[{"href":"http:\/\/s350233878.onlinehome.fr\/index.php\/wp-json\/wp\/v2\/product"}],"about":[{"href":"http:\/\/s350233878.onlinehome.fr\/index.php\/wp-json\/wp\/v2\/types\/product"}],"wp:featuredmedia":[{"embeddable":true,"href":"http:\/\/s350233878.onlinehome.fr\/index.php\/wp-json\/wp\/v2\/media\/4800"}],"wp:attachment":[{"href":"http:\/\/s350233878.onlinehome.fr\/index.php\/wp-json\/wp\/v2\/media?parent=4807"}],"wp:term":[{"taxonomy":"product_cat","embeddable":true,"href":"http:\/\/s350233878.onlinehome.fr\/index.php\/wp-json\/wp\/v2\/product_cat?post=4807"},{"taxonomy":"product_tag","embeddable":true,"href":"http:\/\/s350233878.onlinehome.fr\/index.php\/wp-json\/wp\/v2\/product_tag?post=4807"}],"curies":[{"name":"wp","href":"https:\/\/api.w.org\/{rel}","templated":true}]}}