{"id":4802,"date":"2024-02-06T16:50:45","date_gmt":"2024-02-06T15:50:45","guid":{"rendered":"https:\/\/vtbati.fr\/vtbati\/?post_type=product&#038;p=4802"},"modified":"2024-02-06T16:50:48","modified_gmt":"2024-02-06T15:50:48","slug":"xhander-mastic-silicone-sanitaire-neutre","status":"publish","type":"product","link":"http:\/\/s350233878.onlinehome.fr\/index.php\/produit\/xhander-mastic-silicone-sanitaire-neutre\/","title":{"rendered":"XHANDER &#8211; Mastic silicone sanitaire neutre"},"content":{"rendered":"<div class=\"attribute product code-p\"><span class=\"type\">Code P :<\/span>\u00a0<span class=\"value\">P5531U8<\/span><\/div>\n<div class=\"attribute product sku\"><span class=\"type\">R\u00e9f. PROLIANS :<\/span>\u00a0<span class=\"value\" data-bind=\"text: selectedArticleSku\">68599628<\/span><\/div>\n<div class=\"attribute product ref\"><span class=\"type\">R\u00e9f. fabricant :<\/span>\u00a0<span class=\"value\" data-bind=\"text: getReferenceCode()\">158006<\/span><\/div>\n<div><\/div>\n<div><strong>S\u2019applique sur les mat\u00e9riaux synth\u00e9tiques.<\/strong><br \/>\n<strong>Convient pour les chambres froides.<\/strong>Couleur inalt\u00e9rable, stable aux UV.<br \/>\nSans Meko.<br \/>\nR\u00e9ticulation rapide.<br \/>\nExcellente r\u00e9sistance, m\u00eame sur supports en mat\u00e9riaux synth\u00e9tiques (acrylique).<br \/>\nProduit chimiquement neutre (pH =7).<br \/>\nUtilisation : r\u00e9alisation de joints de finition ou de raccordement en milieu \u00e0 forte humidit\u00e9.<br \/>\nTraitement anti-moisissures.<\/div>\n","protected":false},"excerpt":{"rendered":"<p>Code P :\u00a0P5531U8 R\u00e9f. PROLIANS :\u00a068599628 R\u00e9f. fabricant :\u00a0158006 S\u2019applique sur les mat\u00e9riaux synth\u00e9tiques. Convient pour les chambres froides.Couleur inalt\u00e9rable, stable aux UV. Sans Meko. R\u00e9ticulation rapide. Excellente r\u00e9sistance, m\u00eame&hellip;<\/p>\n","protected":false},"featured_media":4805,"template":"","meta":[],"product_cat":[1099,1101,23],"product_tag":[1143,1146,1145,559],"class_list":{"0":"post-4802","1":"product","2":"type-product","3":"status-publish","4":"has-post-thumbnail","6":"product_cat-mastics","7":"product_cat-mastics-silicones","8":"product_cat-consommable","9":"product_tag-mastic-silicone","10":"product_tag-neutre","11":"product_tag-sanitaire","12":"product_tag-xhander","14":"first","15":"instock","16":"taxable","17":"shipping-taxable","18":"purchasable","19":"product-type-simple"},"_links":{"self":[{"href":"http:\/\/s350233878.onlinehome.fr\/index.php\/wp-json\/wp\/v2\/product\/4802","targetHints":{"allow":["GET"]}}],"collection":[{"href":"http:\/\/s350233878.onlinehome.fr\/index.php\/wp-json\/wp\/v2\/product"}],"about":[{"href":"http:\/\/s350233878.onlinehome.fr\/index.php\/wp-json\/wp\/v2\/types\/product"}],"wp:featuredmedia":[{"embeddable":true,"href":"http:\/\/s350233878.onlinehome.fr\/index.php\/wp-json\/wp\/v2\/media\/4805"}],"wp:attachment":[{"href":"http:\/\/s350233878.onlinehome.fr\/index.php\/wp-json\/wp\/v2\/media?parent=4802"}],"wp:term":[{"taxonomy":"product_cat","embeddable":true,"href":"http:\/\/s350233878.onlinehome.fr\/index.php\/wp-json\/wp\/v2\/product_cat?post=4802"},{"taxonomy":"product_tag","embeddable":true,"href":"http:\/\/s350233878.onlinehome.fr\/index.php\/wp-json\/wp\/v2\/product_tag?post=4802"}],"curies":[{"name":"wp","href":"https:\/\/api.w.org\/{rel}","templated":true}]}}